{"id":10627,"date":"2025-05-25T18:03:41","date_gmt":"2025-05-25T16:03:41","guid":{"rendered":"https:\/\/legrenierdelatour.be\/brocante\/?post_type=product&#038;p=10627"},"modified":"2025-05-25T18:03:41","modified_gmt":"2025-05-25T16:03:41","slug":"puzzle-mobil-plastics-europe-virton","status":"publish","type":"product","link":"https:\/\/legrenierdelatour.be\/brocante\/produit\/puzzle-mobil-plastics-europe-virton\/","title":{"rendered":"Puzzle Mobil Plastics Europe ,Virton"},"content":{"rendered":"<p>Puzzle Mobil 1000 pi\u00e8ces produit pour les 5 ans de la firme MobilPlastics Europe \u00e0 Virton en 1985. Il n\u2019a jamais \u00e9t\u00e9 utilis\u00e9 et les pi\u00e8ces se trouvent toujours dans leur sachet d\u2019origine scell\u00e9.<\/p>\n<div>R\u00e9f 42.55<\/div>\n","protected":false},"excerpt":{"rendered":"<p>Puzzle Mobil 1000 pi\u00e8ces produit pour les 5 ans de la firme MobilPlastics Europe \u00e0 Virton en 1985. Il n\u2019a jamais \u00e9t\u00e9 utilis\u00e9 et les pi\u00e8ces se trouvent toujours dans leur sachet d\u2019origine scell\u00e9. R\u00e9f 42.55<\/p>\n","protected":false},"featured_media":10628,"comment_status":"open","ping_status":"closed","template":"","meta":{"neve_meta_sidebar":"","neve_meta_container":"","neve_meta_enable_content_width":"off","neve_meta_content_width":100,"neve_meta_title_alignment":"","neve_meta_author_avatar":"","neve_post_elements_order":"","neve_meta_disable_header":"","neve_meta_disable_footer":"","neve_meta_disable_title":""},"product_brand":[],"product_cat":[171,173,31],"product_tag":[],"class_list":{"0":"post-10627","1":"product","2":"type-product","3":"status-publish","4":"has-post-thumbnail","6":"product_cat-jeux-et-jardin","7":"product_cat-objets-de-publicite","8":"product_cat-pays-darlon","10":"first","11":"instock","12":"shipping-taxable","13":"purchasable","14":"product-type-simple"},"_links":{"self":[{"href":"https:\/\/legrenierdelatour.be\/brocante\/wp-json\/wp\/v2\/product\/10627","targetHints":{"allow":["GET"]}}],"collection":[{"href":"https:\/\/legrenierdelatour.be\/brocante\/wp-json\/wp\/v2\/product"}],"about":[{"href":"https:\/\/legrenierdelatour.be\/brocante\/wp-json\/wp\/v2\/types\/product"}],"replies":[{"embeddable":true,"href":"https:\/\/legrenierdelatour.be\/brocante\/wp-json\/wp\/v2\/comments?post=10627"}],"wp:featuredmedia":[{"embeddable":true,"href":"https:\/\/legrenierdelatour.be\/brocante\/wp-json\/wp\/v2\/media\/10628"}],"wp:attachment":[{"href":"https:\/\/legrenierdelatour.be\/brocante\/wp-json\/wp\/v2\/media?parent=10627"}],"wp:term":[{"taxonomy":"product_brand","embeddable":true,"href":"https:\/\/legrenierdelatour.be\/brocante\/wp-json\/wp\/v2\/product_brand?post=10627"},{"taxonomy":"product_cat","embeddable":true,"href":"https:\/\/legrenierdelatour.be\/brocante\/wp-json\/wp\/v2\/product_cat?post=10627"},{"taxonomy":"product_tag","embeddable":true,"href":"https:\/\/legrenierdelatour.be\/brocante\/wp-json\/wp\/v2\/product_tag?post=10627"}],"curies":[{"name":"wp","href":"https:\/\/api.w.org\/{rel}","templated":true}]}}