{"id":10593,"date":"2025-05-20T17:42:02","date_gmt":"2025-05-20T15:42:02","guid":{"rendered":"https:\/\/legrenierdelatour.be\/brocante\/?post_type=product&#038;p=10593"},"modified":"2025-05-20T17:42:02","modified_gmt":"2025-05-20T15:42:02","slug":"grande-coupe-thulin-213-art-deco","status":"publish","type":"product","link":"https:\/\/legrenierdelatour.be\/brocante\/produit\/grande-coupe-thulin-213-art-deco\/","title":{"rendered":"Grande coupe Thulin 213 Art D\u00e9co"},"content":{"rendered":"<p>Grande coupe (26 cm de diam\u00e8tre) en parfait \u00e9tat, par\u00e9 d\u2019un bel \u00e9mail coulant en barbotine et marqu\u00e9 sous la base du cachet de Thulin et le num\u00e9ro de forme 213. Il a \u00e9t\u00e9 produit par la faiencerie de Thulin (1887-1973). Cette belle coupe date des ann\u00e9es 1930, p\u00e9riode Art D\u00e9co.<\/p>\n<div>R\u00e9f 42.44<\/div>\n","protected":false},"excerpt":{"rendered":"<p>Grande coupe (26 cm de diam\u00e8tre) en parfait \u00e9tat, par\u00e9 d\u2019un bel \u00e9mail coulant en barbotine et marqu\u00e9 sous la base du cachet de Thulin et le num\u00e9ro de forme 213. Il a \u00e9t\u00e9 produit par la faiencerie de Thulin (1887-1973). Cette belle coupe date des ann\u00e9es 1930, p\u00e9riode Art D\u00e9co. R\u00e9f 42.44<\/p>\n","protected":false},"featured_media":10594,"comment_status":"open","ping_status":"closed","template":"","meta":{"neve_meta_sidebar":"","neve_meta_container":"","neve_meta_enable_content_width":"off","neve_meta_content_width":100,"neve_meta_title_alignment":"","neve_meta_author_avatar":"","neve_post_elements_order":"","neve_meta_disable_header":"","neve_meta_disable_footer":"","neve_meta_disable_title":""},"product_brand":[],"product_cat":[37,16,177],"product_tag":[],"class_list":{"0":"post-10593","1":"product","2":"type-product","3":"status-publish","4":"has-post-thumbnail","6":"product_cat-belgique","7":"product_cat-ceramique","8":"product_cat-thulin","10":"first","11":"instock","12":"shipping-taxable","13":"purchasable","14":"product-type-simple"},"_links":{"self":[{"href":"https:\/\/legrenierdelatour.be\/brocante\/wp-json\/wp\/v2\/product\/10593","targetHints":{"allow":["GET"]}}],"collection":[{"href":"https:\/\/legrenierdelatour.be\/brocante\/wp-json\/wp\/v2\/product"}],"about":[{"href":"https:\/\/legrenierdelatour.be\/brocante\/wp-json\/wp\/v2\/types\/product"}],"replies":[{"embeddable":true,"href":"https:\/\/legrenierdelatour.be\/brocante\/wp-json\/wp\/v2\/comments?post=10593"}],"wp:featuredmedia":[{"embeddable":true,"href":"https:\/\/legrenierdelatour.be\/brocante\/wp-json\/wp\/v2\/media\/10594"}],"wp:attachment":[{"href":"https:\/\/legrenierdelatour.be\/brocante\/wp-json\/wp\/v2\/media?parent=10593"}],"wp:term":[{"taxonomy":"product_brand","embeddable":true,"href":"https:\/\/legrenierdelatour.be\/brocante\/wp-json\/wp\/v2\/product_brand?post=10593"},{"taxonomy":"product_cat","embeddable":true,"href":"https:\/\/legrenierdelatour.be\/brocante\/wp-json\/wp\/v2\/product_cat?post=10593"},{"taxonomy":"product_tag","embeddable":true,"href":"https:\/\/legrenierdelatour.be\/brocante\/wp-json\/wp\/v2\/product_tag?post=10593"}],"curies":[{"name":"wp","href":"https:\/\/api.w.org\/{rel}","templated":true}]}}