{"id":10576,"date":"2025-05-19T18:51:31","date_gmt":"2025-05-19T16:51:31","guid":{"rendered":"https:\/\/legrenierdelatour.be\/brocante\/?post_type=product&#038;p=10576"},"modified":"2025-05-19T18:58:17","modified_gmt":"2025-05-19T16:58:17","slug":"service-a-liqueur-art-deco","status":"publish","type":"product","link":"https:\/\/legrenierdelatour.be\/brocante\/produit\/service-a-liqueur-art-deco\/","title":{"rendered":"Service \u00e0 liqueur Art D\u00e9co"},"content":{"rendered":"<p>Beau service \u00e0 liqueur compos\u00e9 d\u2019une carafe ronde (14 cm de haut), 4 verres (4,5 cm de haut) . Cet ensemble en verre peint de cercles dor\u00e9s et blanc. De style Art d\u00e9co, il date sans doute des ann\u00e9es 1930.<\/p>\n<div>R\u00e9f 42.36<\/div>\n","protected":false},"excerpt":{"rendered":"<p>Beau service \u00e0 liqueur compos\u00e9 d\u2019une carafe ronde (14 cm de haut), 4 verres (4,5 cm de haut) . Cet ensemble en verre peint de cercles dor\u00e9s et blanc. De style Art d\u00e9co, il date sans doute des ann\u00e9es 1930. R\u00e9f 42.36<\/p>\n","protected":false},"featured_media":10577,"comment_status":"open","ping_status":"closed","template":"","meta":{"neve_meta_sidebar":"","neve_meta_container":"","neve_meta_enable_content_width":"off","neve_meta_content_width":100,"neve_meta_title_alignment":"","neve_meta_author_avatar":"","neve_post_elements_order":"","neve_meta_disable_header":"","neve_meta_disable_footer":"","neve_meta_disable_title":""},"product_brand":[],"product_cat":[22],"product_tag":[],"class_list":{"0":"post-10576","1":"product","2":"type-product","3":"status-publish","4":"has-post-thumbnail","6":"product_cat-verrerie","8":"first","9":"instock","10":"shipping-taxable","11":"purchasable","12":"product-type-simple"},"_links":{"self":[{"href":"https:\/\/legrenierdelatour.be\/brocante\/wp-json\/wp\/v2\/product\/10576","targetHints":{"allow":["GET"]}}],"collection":[{"href":"https:\/\/legrenierdelatour.be\/brocante\/wp-json\/wp\/v2\/product"}],"about":[{"href":"https:\/\/legrenierdelatour.be\/brocante\/wp-json\/wp\/v2\/types\/product"}],"replies":[{"embeddable":true,"href":"https:\/\/legrenierdelatour.be\/brocante\/wp-json\/wp\/v2\/comments?post=10576"}],"wp:featuredmedia":[{"embeddable":true,"href":"https:\/\/legrenierdelatour.be\/brocante\/wp-json\/wp\/v2\/media\/10577"}],"wp:attachment":[{"href":"https:\/\/legrenierdelatour.be\/brocante\/wp-json\/wp\/v2\/media?parent=10576"}],"wp:term":[{"taxonomy":"product_brand","embeddable":true,"href":"https:\/\/legrenierdelatour.be\/brocante\/wp-json\/wp\/v2\/product_brand?post=10576"},{"taxonomy":"product_cat","embeddable":true,"href":"https:\/\/legrenierdelatour.be\/brocante\/wp-json\/wp\/v2\/product_cat?post=10576"},{"taxonomy":"product_tag","embeddable":true,"href":"https:\/\/legrenierdelatour.be\/brocante\/wp-json\/wp\/v2\/product_tag?post=10576"}],"curies":[{"name":"wp","href":"https:\/\/api.w.org\/{rel}","templated":true}]}}