{"id":10572,"date":"2025-05-19T18:41:08","date_gmt":"2025-05-19T16:41:08","guid":{"rendered":"https:\/\/legrenierdelatour.be\/brocante\/?post_type=product&#038;p=10572"},"modified":"2025-05-19T18:41:08","modified_gmt":"2025-05-19T16:41:08","slug":"vase-thulin-456-corail","status":"publish","type":"product","link":"https:\/\/legrenierdelatour.be\/brocante\/produit\/vase-thulin-456-corail\/","title":{"rendered":"Vase Thulin 456 \u00ab\u00a0Corail\u00a0\u00bb"},"content":{"rendered":"<p>Beau vase (18 cm de haut) portant une \u00e9tiquette avec le nom du d\u00e9cor \u00ab\u00a0Corail\u00a0\u00bb. \u00a0Il date sans doute des ann\u00e9es 1930 et est en parfait \u00e9tat. Il porte la mention Belgium et le num\u00e9ro de forme est 456. Il est en parfait \u00e9tat.<\/p>\n<div>Deux exemplaires disponibles au prix de 30\u20ac pi\u00e8ce;<\/div>\n<div>R\u00e9f 42.35<\/div>\n","protected":false},"excerpt":{"rendered":"<p>Beau vase (18 cm de haut) portant une \u00e9tiquette avec le nom du d\u00e9cor \u00ab\u00a0Corail\u00a0\u00bb. \u00a0Il date sans doute des ann\u00e9es 1930 et est en parfait \u00e9tat. Il porte la mention Belgium et le num\u00e9ro de forme est 456. Il est en parfait \u00e9tat. Deux exemplaires disponibles au prix de 30\u20ac pi\u00e8ce; R\u00e9f 42.35<\/p>\n","protected":false},"featured_media":10573,"comment_status":"open","ping_status":"closed","template":"","meta":{"neve_meta_sidebar":"","neve_meta_container":"","neve_meta_enable_content_width":"off","neve_meta_content_width":100,"neve_meta_title_alignment":"","neve_meta_author_avatar":"","neve_post_elements_order":"","neve_meta_disable_header":"","neve_meta_disable_footer":"","neve_meta_disable_title":""},"product_brand":[],"product_cat":[37,16,177],"product_tag":[],"class_list":{"0":"post-10572","1":"product","2":"type-product","3":"status-publish","4":"has-post-thumbnail","6":"product_cat-belgique","7":"product_cat-ceramique","8":"product_cat-thulin","10":"first","11":"instock","12":"shipping-taxable","13":"purchasable","14":"product-type-simple"},"_links":{"self":[{"href":"https:\/\/legrenierdelatour.be\/brocante\/wp-json\/wp\/v2\/product\/10572","targetHints":{"allow":["GET"]}}],"collection":[{"href":"https:\/\/legrenierdelatour.be\/brocante\/wp-json\/wp\/v2\/product"}],"about":[{"href":"https:\/\/legrenierdelatour.be\/brocante\/wp-json\/wp\/v2\/types\/product"}],"replies":[{"embeddable":true,"href":"https:\/\/legrenierdelatour.be\/brocante\/wp-json\/wp\/v2\/comments?post=10572"}],"wp:featuredmedia":[{"embeddable":true,"href":"https:\/\/legrenierdelatour.be\/brocante\/wp-json\/wp\/v2\/media\/10573"}],"wp:attachment":[{"href":"https:\/\/legrenierdelatour.be\/brocante\/wp-json\/wp\/v2\/media?parent=10572"}],"wp:term":[{"taxonomy":"product_brand","embeddable":true,"href":"https:\/\/legrenierdelatour.be\/brocante\/wp-json\/wp\/v2\/product_brand?post=10572"},{"taxonomy":"product_cat","embeddable":true,"href":"https:\/\/legrenierdelatour.be\/brocante\/wp-json\/wp\/v2\/product_cat?post=10572"},{"taxonomy":"product_tag","embeddable":true,"href":"https:\/\/legrenierdelatour.be\/brocante\/wp-json\/wp\/v2\/product_tag?post=10572"}],"curies":[{"name":"wp","href":"https:\/\/api.w.org\/{rel}","templated":true}]}}