{"id":10569,"date":"2025-05-19T18:31:05","date_gmt":"2025-05-19T16:31:05","guid":{"rendered":"https:\/\/legrenierdelatour.be\/brocante\/?post_type=product&#038;p=10569"},"modified":"2025-05-19T18:39:09","modified_gmt":"2025-05-19T16:39:09","slug":"grand-vase-de-murano","status":"publish","type":"product","link":"https:\/\/legrenierdelatour.be\/brocante\/produit\/grand-vase-de-murano\/","title":{"rendered":"Grand vase de Murano"},"content":{"rendered":"<p>Grand vase en verre doubl\u00e9 (37 cm de haut) souffl\u00e9 de verre blanc et couleurs. Ce vase n\u2019est pas sign\u00e9 mais pourrait \u00eatre un vase de production \u00e0 Murano.<\/p>\n<div>R\u00e9f 42.34<\/div>\n","protected":false},"excerpt":{"rendered":"<p>Grand vase en verre doubl\u00e9 (37 cm de haut) souffl\u00e9 de verre blanc et couleurs. Ce vase n\u2019est pas sign\u00e9 mais pourrait \u00eatre un vase de production \u00e0 Murano. R\u00e9f 42.34<\/p>\n","protected":false},"featured_media":10570,"comment_status":"open","ping_status":"closed","template":"","meta":{"neve_meta_sidebar":"","neve_meta_container":"","neve_meta_enable_content_width":"off","neve_meta_content_width":100,"neve_meta_title_alignment":"","neve_meta_author_avatar":"","neve_post_elements_order":"","neve_meta_disable_header":"","neve_meta_disable_footer":"","neve_meta_disable_title":""},"product_brand":[],"product_cat":[22],"product_tag":[],"class_list":{"0":"post-10569","1":"product","2":"type-product","3":"status-publish","4":"has-post-thumbnail","6":"product_cat-verrerie","8":"first","9":"instock","10":"shipping-taxable","11":"purchasable","12":"product-type-simple"},"_links":{"self":[{"href":"https:\/\/legrenierdelatour.be\/brocante\/wp-json\/wp\/v2\/product\/10569","targetHints":{"allow":["GET"]}}],"collection":[{"href":"https:\/\/legrenierdelatour.be\/brocante\/wp-json\/wp\/v2\/product"}],"about":[{"href":"https:\/\/legrenierdelatour.be\/brocante\/wp-json\/wp\/v2\/types\/product"}],"replies":[{"embeddable":true,"href":"https:\/\/legrenierdelatour.be\/brocante\/wp-json\/wp\/v2\/comments?post=10569"}],"wp:featuredmedia":[{"embeddable":true,"href":"https:\/\/legrenierdelatour.be\/brocante\/wp-json\/wp\/v2\/media\/10570"}],"wp:attachment":[{"href":"https:\/\/legrenierdelatour.be\/brocante\/wp-json\/wp\/v2\/media?parent=10569"}],"wp:term":[{"taxonomy":"product_brand","embeddable":true,"href":"https:\/\/legrenierdelatour.be\/brocante\/wp-json\/wp\/v2\/product_brand?post=10569"},{"taxonomy":"product_cat","embeddable":true,"href":"https:\/\/legrenierdelatour.be\/brocante\/wp-json\/wp\/v2\/product_cat?post=10569"},{"taxonomy":"product_tag","embeddable":true,"href":"https:\/\/legrenierdelatour.be\/brocante\/wp-json\/wp\/v2\/product_tag?post=10569"}],"curies":[{"name":"wp","href":"https:\/\/api.w.org\/{rel}","templated":true}]}}