{"id":10564,"date":"2025-05-19T18:19:46","date_gmt":"2025-05-19T16:19:46","guid":{"rendered":"https:\/\/legrenierdelatour.be\/brocante\/?post_type=product&#038;p=10564"},"modified":"2025-05-19T18:19:46","modified_gmt":"2025-05-19T16:19:46","slug":"potiche-en-faience-fine-de-delft-willem-kool-1697","status":"publish","type":"product","link":"https:\/\/legrenierdelatour.be\/brocante\/produit\/potiche-en-faience-fine-de-delft-willem-kool-1697\/","title":{"rendered":"Potiche en fa\u00efence fine De Delft, Willem Kool, 1697"},"content":{"rendered":"<p>Grande potiche (40 cm de haut) avec couvercle \u00e0 fr\u00e9tel en forme de lion. Cette potiche en fa\u00efence fine produite \u00e0 Delft porte la signature peinte WR dessous. Il pourrait s&rsquo;agir de Willem Kool 1697. Elle est d\u00e9cor\u00e9e de sc\u00e8nes de genre et de mer, peintes \u00e0 la main. Elle est en tr\u00e8s bon \u00e9tat.<\/p>\n<div>R\u00e9f 42.33<\/div>\n","protected":false},"excerpt":{"rendered":"<p>Grande potiche (40 cm de haut) avec couvercle \u00e0 fr\u00e9tel en forme de lion. Cette potiche en fa\u00efence fine produite \u00e0 Delft porte la signature peinte WR dessous. Il pourrait s&rsquo;agir de Willem Kool 1697. Elle est d\u00e9cor\u00e9e de sc\u00e8nes de genre et de mer, peintes \u00e0 la main. Elle est en tr\u00e8s bon \u00e9tat.&hellip;&nbsp;<a href=\"https:\/\/legrenierdelatour.be\/brocante\/produit\/potiche-en-faience-fine-de-delft-willem-kool-1697\/\" class=\"\" rel=\"bookmark\">Lire la suite &raquo;<span class=\"screen-reader-text\">Potiche en fa\u00efence fine De Delft, Willem Kool, 1697<\/span><\/a><\/p>\n","protected":false},"featured_media":10567,"comment_status":"open","ping_status":"closed","template":"","meta":{"neve_meta_sidebar":"","neve_meta_container":"","neve_meta_enable_content_width":"off","neve_meta_content_width":100,"neve_meta_title_alignment":"","neve_meta_author_avatar":"","neve_post_elements_order":"","neve_meta_disable_header":"","neve_meta_disable_footer":"","neve_meta_disable_title":""},"product_brand":[],"product_cat":[16],"product_tag":[],"class_list":{"0":"post-10564","1":"product","2":"type-product","3":"status-publish","4":"has-post-thumbnail","6":"product_cat-ceramique","8":"first","9":"instock","10":"shipping-taxable","11":"purchasable","12":"product-type-simple"},"_links":{"self":[{"href":"https:\/\/legrenierdelatour.be\/brocante\/wp-json\/wp\/v2\/product\/10564","targetHints":{"allow":["GET"]}}],"collection":[{"href":"https:\/\/legrenierdelatour.be\/brocante\/wp-json\/wp\/v2\/product"}],"about":[{"href":"https:\/\/legrenierdelatour.be\/brocante\/wp-json\/wp\/v2\/types\/product"}],"replies":[{"embeddable":true,"href":"https:\/\/legrenierdelatour.be\/brocante\/wp-json\/wp\/v2\/comments?post=10564"}],"wp:featuredmedia":[{"embeddable":true,"href":"https:\/\/legrenierdelatour.be\/brocante\/wp-json\/wp\/v2\/media\/10567"}],"wp:attachment":[{"href":"https:\/\/legrenierdelatour.be\/brocante\/wp-json\/wp\/v2\/media?parent=10564"}],"wp:term":[{"taxonomy":"product_brand","embeddable":true,"href":"https:\/\/legrenierdelatour.be\/brocante\/wp-json\/wp\/v2\/product_brand?post=10564"},{"taxonomy":"product_cat","embeddable":true,"href":"https:\/\/legrenierdelatour.be\/brocante\/wp-json\/wp\/v2\/product_cat?post=10564"},{"taxonomy":"product_tag","embeddable":true,"href":"https:\/\/legrenierdelatour.be\/brocante\/wp-json\/wp\/v2\/product_tag?post=10564"}],"curies":[{"name":"wp","href":"https:\/\/api.w.org\/{rel}","templated":true}]}}