{"id":10532,"date":"2025-05-18T13:20:51","date_gmt":"2025-05-18T11:20:51","guid":{"rendered":"https:\/\/legrenierdelatour.be\/brocante\/?post_type=product&#038;p=10532"},"modified":"2025-05-18T13:20:51","modified_gmt":"2025-05-18T11:20:51","slug":"gravure-eglise-de-vieux-virton-jacques-jacob-1989","status":"publish","type":"product","link":"https:\/\/legrenierdelatour.be\/brocante\/produit\/gravure-eglise-de-vieux-virton-jacques-jacob-1989\/","title":{"rendered":"Gravure Eglise de Vieux-Virton, Jacques Jacob, 1989"},"content":{"rendered":"<p>Gravure de l\u2019Eglise de Vieux-Virton (32&#215;26 cm cadre compris) num\u00e9rot\u00e9e 1\/12 et sign\u00e9e ainsi que dat\u00e9e 1989, en bas \u00e0 droite. Elle est \u00e9galement contre-sign\u00e9e \u00e0 l\u2019arri\u00e8re.\u00a0Jacques E.L Jacob est un artiste n\u00e9 e n Gaume 1949. D\u00e8s 1985, ses oeuvres sont expos\u00e9es en Europe, Am\u00e9rique, Asie. Il a cr\u00e9\u00e9 sa propre acad\u00e9mie et forme de nombreux artistes. Acteur de th\u00e9\u00e2tre et \u00e9crivain (Rien ne sert d\u2019oublier, Le manteau noir\u2026) il cr\u00e9e en 2003 les \u00e9ditions Am\u00e9thyste.<\/p>\n<div>R\u00e9f 42.18<\/div>\n","protected":false},"excerpt":{"rendered":"<p>Gravure de l\u2019Eglise de Vieux-Virton (32&#215;26 cm cadre compris) num\u00e9rot\u00e9e 1\/12 et sign\u00e9e ainsi que dat\u00e9e 1989, en bas \u00e0 droite. Elle est \u00e9galement contre-sign\u00e9e \u00e0 l\u2019arri\u00e8re.\u00a0Jacques E.L Jacob est un artiste n\u00e9 e n Gaume 1949. D\u00e8s 1985, ses oeuvres sont expos\u00e9es en Europe, Am\u00e9rique, Asie. Il a cr\u00e9\u00e9 sa propre acad\u00e9mie et forme&hellip;&nbsp;<a href=\"https:\/\/legrenierdelatour.be\/brocante\/produit\/gravure-eglise-de-vieux-virton-jacques-jacob-1989\/\" class=\"\" rel=\"bookmark\">Lire la suite &raquo;<span class=\"screen-reader-text\">Gravure Eglise de Vieux-Virton, Jacques Jacob, 1989<\/span><\/a><\/p>\n","protected":false},"featured_media":10530,"comment_status":"open","ping_status":"closed","template":"","meta":{"neve_meta_sidebar":"","neve_meta_container":"","neve_meta_enable_content_width":"off","neve_meta_content_width":100,"neve_meta_title_alignment":"","neve_meta_author_avatar":"","neve_post_elements_order":"","neve_meta_disable_header":"","neve_meta_disable_footer":"","neve_meta_disable_title":""},"product_brand":[],"product_cat":[31,167],"product_tag":[],"class_list":{"0":"post-10532","1":"product","2":"type-product","3":"status-publish","4":"has-post-thumbnail","6":"product_cat-pays-darlon","7":"product_cat-peintures-et-sculptures","9":"first","10":"instock","11":"shipping-taxable","12":"purchasable","13":"product-type-simple"},"_links":{"self":[{"href":"https:\/\/legrenierdelatour.be\/brocante\/wp-json\/wp\/v2\/product\/10532","targetHints":{"allow":["GET"]}}],"collection":[{"href":"https:\/\/legrenierdelatour.be\/brocante\/wp-json\/wp\/v2\/product"}],"about":[{"href":"https:\/\/legrenierdelatour.be\/brocante\/wp-json\/wp\/v2\/types\/product"}],"replies":[{"embeddable":true,"href":"https:\/\/legrenierdelatour.be\/brocante\/wp-json\/wp\/v2\/comments?post=10532"}],"wp:featuredmedia":[{"embeddable":true,"href":"https:\/\/legrenierdelatour.be\/brocante\/wp-json\/wp\/v2\/media\/10530"}],"wp:attachment":[{"href":"https:\/\/legrenierdelatour.be\/brocante\/wp-json\/wp\/v2\/media?parent=10532"}],"wp:term":[{"taxonomy":"product_brand","embeddable":true,"href":"https:\/\/legrenierdelatour.be\/brocante\/wp-json\/wp\/v2\/product_brand?post=10532"},{"taxonomy":"product_cat","embeddable":true,"href":"https:\/\/legrenierdelatour.be\/brocante\/wp-json\/wp\/v2\/product_cat?post=10532"},{"taxonomy":"product_tag","embeddable":true,"href":"https:\/\/legrenierdelatour.be\/brocante\/wp-json\/wp\/v2\/product_tag?post=10532"}],"curies":[{"name":"wp","href":"https:\/\/api.w.org\/{rel}","templated":true}]}}