{"id":10509,"date":"2025-05-17T17:12:25","date_gmt":"2025-05-17T15:12:25","guid":{"rendered":"https:\/\/legrenierdelatour.be\/brocante\/?post_type=product&#038;p=10509"},"modified":"2025-08-08T17:13:43","modified_gmt":"2025-08-08T15:13:43","slug":"aquarelle-grange-ardennaise-pirnay","status":"publish","type":"product","link":"https:\/\/legrenierdelatour.be\/brocante\/produit\/aquarelle-grange-ardennaise-pirnay\/","title":{"rendered":"Aquarelle \u00ab\u00a0Grange ardennaise\u00a0\u00bb, Bruno Pirnay"},"content":{"rendered":"<p>Aquarelle (33&#215;38 cm cadre compris) repr\u00e9sentant une grange ardennaise. Elle est sign\u00e9e en bas \u00e0 gauche Pirnay. Bruno Pirnay (1891-1966) \u00e9tait un peintre et officier arlonais.<\/p>\n<div>R\u00e9f 42.10<\/div>\n","protected":false},"excerpt":{"rendered":"<p>Aquarelle (33&#215;38 cm cadre compris) repr\u00e9sentant une grange ardennaise. Elle est sign\u00e9e en bas \u00e0 gauche Pirnay. Bruno Pirnay (1891-1966) \u00e9tait un peintre et officier arlonais. R\u00e9f 42.10<\/p>\n","protected":false},"featured_media":10510,"comment_status":"open","ping_status":"closed","template":"","meta":{"neve_meta_sidebar":"","neve_meta_container":"","neve_meta_enable_content_width":"off","neve_meta_content_width":100,"neve_meta_title_alignment":"","neve_meta_author_avatar":"","neve_post_elements_order":"","neve_meta_disable_header":"","neve_meta_disable_footer":"","neve_meta_disable_title":""},"product_brand":[],"product_cat":[31,167],"product_tag":[],"class_list":{"0":"post-10509","1":"product","2":"type-product","3":"status-publish","4":"has-post-thumbnail","6":"product_cat-pays-darlon","7":"product_cat-peintures-et-sculptures","9":"first","10":"instock","11":"shipping-taxable","12":"purchasable","13":"product-type-simple"},"_links":{"self":[{"href":"https:\/\/legrenierdelatour.be\/brocante\/wp-json\/wp\/v2\/product\/10509","targetHints":{"allow":["GET"]}}],"collection":[{"href":"https:\/\/legrenierdelatour.be\/brocante\/wp-json\/wp\/v2\/product"}],"about":[{"href":"https:\/\/legrenierdelatour.be\/brocante\/wp-json\/wp\/v2\/types\/product"}],"replies":[{"embeddable":true,"href":"https:\/\/legrenierdelatour.be\/brocante\/wp-json\/wp\/v2\/comments?post=10509"}],"wp:featuredmedia":[{"embeddable":true,"href":"https:\/\/legrenierdelatour.be\/brocante\/wp-json\/wp\/v2\/media\/10510"}],"wp:attachment":[{"href":"https:\/\/legrenierdelatour.be\/brocante\/wp-json\/wp\/v2\/media?parent=10509"}],"wp:term":[{"taxonomy":"product_brand","embeddable":true,"href":"https:\/\/legrenierdelatour.be\/brocante\/wp-json\/wp\/v2\/product_brand?post=10509"},{"taxonomy":"product_cat","embeddable":true,"href":"https:\/\/legrenierdelatour.be\/brocante\/wp-json\/wp\/v2\/product_cat?post=10509"},{"taxonomy":"product_tag","embeddable":true,"href":"https:\/\/legrenierdelatour.be\/brocante\/wp-json\/wp\/v2\/product_tag?post=10509"}],"curies":[{"name":"wp","href":"https:\/\/api.w.org\/{rel}","templated":true}]}}