{"id":1050,"date":"2022-03-26T15:09:24","date_gmt":"2022-03-26T14:09:24","guid":{"rendered":"https:\/\/legrenierdelatour.be\/brocante\/?post_type=product&#038;p=1050"},"modified":"2022-05-19T15:59:00","modified_gmt":"2022-05-19T13:59:00","slug":"vase-west-germany-519-17-bay","status":"publish","type":"product","link":"https:\/\/legrenierdelatour.be\/brocante\/produit\/vase-west-germany-519-17-bay\/","title":{"rendered":"Vase West Germany 519-17 Bay"},"content":{"rendered":"<p>Beau vase West Germany, produit par Bay Keramik dans les ann\u00e9es 1966-67, selon le mod\u00e8le 519 et de hauteur 17 cm. Parfait \u00e9tat.<\/p>\n<p>M\u00eame d\u00e9cor que la r\u00e9f\u00e9rence 8.21<\/p>\n<p>R\u00e9f 10.27<\/p>\n","protected":false},"excerpt":{"rendered":"<p>Beau vase West Germany, produit par Bay Keramik dans les ann\u00e9es 1966-67, selon le mod\u00e8le 519 et de hauteur 17 cm. Parfait \u00e9tat. M\u00eame d\u00e9cor que la r\u00e9f\u00e9rence 8.21 R\u00e9f 10.27<\/p>\n","protected":false},"featured_media":1032,"comment_status":"open","ping_status":"closed","template":"","meta":{"neve_meta_sidebar":"","neve_meta_container":"","neve_meta_enable_content_width":"off","neve_meta_content_width":100,"neve_meta_title_alignment":"","neve_meta_author_avatar":"","neve_post_elements_order":"","neve_meta_disable_header":"","neve_meta_disable_footer":"","neve_meta_disable_title":""},"product_brand":[],"product_cat":[15,48,53,16,47],"product_tag":[51,19,49],"class_list":{"0":"post-1050","1":"product","2":"type-product","3":"status-publish","4":"has-post-thumbnail","6":"product_cat-non-classe","7":"product_cat-allemagne","8":"product_cat-bay","9":"product_cat-ceramique","10":"product_cat-west-germany","11":"product_tag-bay","12":"product_tag-faience","13":"product_tag-west-germany","15":"first","16":"instock","17":"shipping-taxable","18":"purchasable","19":"product-type-simple"},"_links":{"self":[{"href":"https:\/\/legrenierdelatour.be\/brocante\/wp-json\/wp\/v2\/product\/1050","targetHints":{"allow":["GET"]}}],"collection":[{"href":"https:\/\/legrenierdelatour.be\/brocante\/wp-json\/wp\/v2\/product"}],"about":[{"href":"https:\/\/legrenierdelatour.be\/brocante\/wp-json\/wp\/v2\/types\/product"}],"replies":[{"embeddable":true,"href":"https:\/\/legrenierdelatour.be\/brocante\/wp-json\/wp\/v2\/comments?post=1050"}],"wp:featuredmedia":[{"embeddable":true,"href":"https:\/\/legrenierdelatour.be\/brocante\/wp-json\/wp\/v2\/media\/1032"}],"wp:attachment":[{"href":"https:\/\/legrenierdelatour.be\/brocante\/wp-json\/wp\/v2\/media?parent=1050"}],"wp:term":[{"taxonomy":"product_brand","embeddable":true,"href":"https:\/\/legrenierdelatour.be\/brocante\/wp-json\/wp\/v2\/product_brand?post=1050"},{"taxonomy":"product_cat","embeddable":true,"href":"https:\/\/legrenierdelatour.be\/brocante\/wp-json\/wp\/v2\/product_cat?post=1050"},{"taxonomy":"product_tag","embeddable":true,"href":"https:\/\/legrenierdelatour.be\/brocante\/wp-json\/wp\/v2\/product_tag?post=1050"}],"curies":[{"name":"wp","href":"https:\/\/api.w.org\/{rel}","templated":true}]}}