{"id":10488,"date":"2025-05-16T13:55:03","date_gmt":"2025-05-16T11:55:03","guid":{"rendered":"https:\/\/legrenierdelatour.be\/brocante\/?post_type=product&#038;p=10488"},"modified":"2025-05-16T13:55:03","modified_gmt":"2025-05-16T11:55:03","slug":"assiette-rachecourt-1913-1963-ernest-bernardy","status":"publish","type":"product","link":"https:\/\/legrenierdelatour.be\/brocante\/produit\/assiette-rachecourt-1913-1963-ernest-bernardy\/","title":{"rendered":"Assiette \u00ab\u00a0Rachecourt 1913-1963\u00a0\u00bb Ernest Bernardy"},"content":{"rendered":"<p>Assiette en c\u00e9ramique (19 cm de diam\u00e8tre) en c\u00e9ramique, \u00e9dit\u00e9e pour les 50 ans du Cercle Patria en 1963. Cette assiette a \u00e9t\u00e9 fa\u00e7onn\u00e9e par Ernest Bernardy, qui a sign\u00e9 \u00e0 l\u2019arri\u00e8re. Ernest Bernardy (Athus 1923-2000), un artiste athusien, attach\u00e9 \u00e0 la Gaume. Ernest Bernardy, apr\u00e8s avoir fait l\u2019Acad\u00e9mie des Beaux Arts notamment \u00e0 Arlon, travaillera d\u00e8s 1947 comme professeur de dessin puis de c\u00e9ramique \u00e0 l\u2019Ath\u00e9n\u00e9e Royal de Virton. Install\u00e9 \u00e0 Saint Mard, il enseignera jusqu\u2019en 1986. Les plaques sont en parfait \u00e9tat.<\/p>\n<div>R\u00e9f 41.98<\/div>\n","protected":false},"excerpt":{"rendered":"<p>Assiette en c\u00e9ramique (19 cm de diam\u00e8tre) en c\u00e9ramique, \u00e9dit\u00e9e pour les 50 ans du Cercle Patria en 1963. Cette assiette a \u00e9t\u00e9 fa\u00e7onn\u00e9e par Ernest Bernardy, qui a sign\u00e9 \u00e0 l\u2019arri\u00e8re. Ernest Bernardy (Athus 1923-2000), un artiste athusien, attach\u00e9 \u00e0 la Gaume. Ernest Bernardy, apr\u00e8s avoir fait l\u2019Acad\u00e9mie des Beaux Arts notamment \u00e0 Arlon,&hellip;&nbsp;<a href=\"https:\/\/legrenierdelatour.be\/brocante\/produit\/assiette-rachecourt-1913-1963-ernest-bernardy\/\" class=\"\" rel=\"bookmark\">Lire la suite &raquo;<span class=\"screen-reader-text\">Assiette \u00ab\u00a0Rachecourt 1913-1963\u00a0\u00bb Ernest Bernardy<\/span><\/a><\/p>\n","protected":false},"featured_media":10490,"comment_status":"open","ping_status":"closed","template":"","meta":{"neve_meta_sidebar":"","neve_meta_container":"","neve_meta_enable_content_width":"off","neve_meta_content_width":100,"neve_meta_title_alignment":"","neve_meta_author_avatar":"","neve_post_elements_order":"","neve_meta_disable_header":"","neve_meta_disable_footer":"","neve_meta_disable_title":""},"product_brand":[],"product_cat":[16,31,167],"product_tag":[],"class_list":{"0":"post-10488","1":"product","2":"type-product","3":"status-publish","4":"has-post-thumbnail","6":"product_cat-ceramique","7":"product_cat-pays-darlon","8":"product_cat-peintures-et-sculptures","10":"first","11":"instock","12":"shipping-taxable","13":"purchasable","14":"product-type-simple"},"_links":{"self":[{"href":"https:\/\/legrenierdelatour.be\/brocante\/wp-json\/wp\/v2\/product\/10488","targetHints":{"allow":["GET"]}}],"collection":[{"href":"https:\/\/legrenierdelatour.be\/brocante\/wp-json\/wp\/v2\/product"}],"about":[{"href":"https:\/\/legrenierdelatour.be\/brocante\/wp-json\/wp\/v2\/types\/product"}],"replies":[{"embeddable":true,"href":"https:\/\/legrenierdelatour.be\/brocante\/wp-json\/wp\/v2\/comments?post=10488"}],"wp:featuredmedia":[{"embeddable":true,"href":"https:\/\/legrenierdelatour.be\/brocante\/wp-json\/wp\/v2\/media\/10490"}],"wp:attachment":[{"href":"https:\/\/legrenierdelatour.be\/brocante\/wp-json\/wp\/v2\/media?parent=10488"}],"wp:term":[{"taxonomy":"product_brand","embeddable":true,"href":"https:\/\/legrenierdelatour.be\/brocante\/wp-json\/wp\/v2\/product_brand?post=10488"},{"taxonomy":"product_cat","embeddable":true,"href":"https:\/\/legrenierdelatour.be\/brocante\/wp-json\/wp\/v2\/product_cat?post=10488"},{"taxonomy":"product_tag","embeddable":true,"href":"https:\/\/legrenierdelatour.be\/brocante\/wp-json\/wp\/v2\/product_tag?post=10488"}],"curies":[{"name":"wp","href":"https:\/\/api.w.org\/{rel}","templated":true}]}}