{"id":10485,"date":"2025-05-16T13:50:57","date_gmt":"2025-05-16T11:50:57","guid":{"rendered":"https:\/\/legrenierdelatour.be\/brocante\/?post_type=product&#038;p=10485"},"modified":"2025-05-16T13:50:57","modified_gmt":"2025-05-16T11:50:57","slug":"assiette-chasse-boch-freres-keramis","status":"publish","type":"product","link":"https:\/\/legrenierdelatour.be\/brocante\/produit\/assiette-chasse-boch-freres-keramis\/","title":{"rendered":"Assiette \u00ab\u00a0Chasse\u00a0\u00bb Boch Fr\u00e8res K\u00e9ramis"},"content":{"rendered":"<p>Belle assiette (23,5 cm de diam\u00e8tre) avec une repr\u00e9senattion de chasse \u00ab\u00a0Chasse en ligne sous bois\u00a0\u00bb . Elle est en tr\u00e8s bon \u00e9tat et porte dessous le cachet Boch Fr\u00e8res K\u00e9ramis. Cette assiette date sans doute du d\u00e9but du 20\u00e8 si\u00e8cle.<\/p>\n<div>R\u00e9f 41.97<\/div>\n","protected":false},"excerpt":{"rendered":"<p>Belle assiette (23,5 cm de diam\u00e8tre) avec une repr\u00e9senattion de chasse \u00ab\u00a0Chasse en ligne sous bois\u00a0\u00bb . Elle est en tr\u00e8s bon \u00e9tat et porte dessous le cachet Boch Fr\u00e8res K\u00e9ramis. Cette assiette date sans doute du d\u00e9but du 20\u00e8 si\u00e8cle. R\u00e9f 41.97<\/p>\n","protected":false},"featured_media":10486,"comment_status":"open","ping_status":"closed","template":"","meta":{"neve_meta_sidebar":"","neve_meta_container":"","neve_meta_enable_content_width":"off","neve_meta_content_width":100,"neve_meta_title_alignment":"","neve_meta_author_avatar":"","neve_post_elements_order":"","neve_meta_disable_header":"","neve_meta_disable_footer":"","neve_meta_disable_title":""},"product_brand":[],"product_cat":[37,175,16],"product_tag":[],"class_list":{"0":"post-10485","1":"product","2":"type-product","3":"status-publish","4":"has-post-thumbnail","6":"product_cat-belgique","7":"product_cat-boch","8":"product_cat-ceramique","10":"first","11":"instock","12":"shipping-taxable","13":"purchasable","14":"product-type-simple"},"_links":{"self":[{"href":"https:\/\/legrenierdelatour.be\/brocante\/wp-json\/wp\/v2\/product\/10485","targetHints":{"allow":["GET"]}}],"collection":[{"href":"https:\/\/legrenierdelatour.be\/brocante\/wp-json\/wp\/v2\/product"}],"about":[{"href":"https:\/\/legrenierdelatour.be\/brocante\/wp-json\/wp\/v2\/types\/product"}],"replies":[{"embeddable":true,"href":"https:\/\/legrenierdelatour.be\/brocante\/wp-json\/wp\/v2\/comments?post=10485"}],"wp:featuredmedia":[{"embeddable":true,"href":"https:\/\/legrenierdelatour.be\/brocante\/wp-json\/wp\/v2\/media\/10486"}],"wp:attachment":[{"href":"https:\/\/legrenierdelatour.be\/brocante\/wp-json\/wp\/v2\/media?parent=10485"}],"wp:term":[{"taxonomy":"product_brand","embeddable":true,"href":"https:\/\/legrenierdelatour.be\/brocante\/wp-json\/wp\/v2\/product_brand?post=10485"},{"taxonomy":"product_cat","embeddable":true,"href":"https:\/\/legrenierdelatour.be\/brocante\/wp-json\/wp\/v2\/product_cat?post=10485"},{"taxonomy":"product_tag","embeddable":true,"href":"https:\/\/legrenierdelatour.be\/brocante\/wp-json\/wp\/v2\/product_tag?post=10485"}],"curies":[{"name":"wp","href":"https:\/\/api.w.org\/{rel}","templated":true}]}}