{"id":10480,"date":"2025-05-16T13:34:03","date_gmt":"2025-05-16T11:34:03","guid":{"rendered":"https:\/\/legrenierdelatour.be\/brocante\/?post_type=product&#038;p=10480"},"modified":"2025-05-16T13:34:03","modified_gmt":"2025-05-16T11:34:03","slug":"tasse-et-sous-tasse-longwy-art-deco","status":"publish","type":"product","link":"https:\/\/legrenierdelatour.be\/brocante\/produit\/tasse-et-sous-tasse-longwy-art-deco\/","title":{"rendered":"Tasse et sous-tasse Longwy Art D\u00e9co"},"content":{"rendered":"<p>Tasse (4,5 cm de haut) et sous-tasse \u00a0(16 cm de diam\u00e8tre) de la manufacture de Longwy, avec un d\u00e9cor floral \u00e9maill\u00e9. Il a un style tr\u00e8s Art D\u00e9co et date sans doute des ann\u00e9es 1930 .<\/p>\n<div>3 ensembles disponibles au prix de 8\u20ac la tasse et la sous-tasse.<\/p>\n<div>R\u00e9f 41.95<\/div>\n<\/div>\n","protected":false},"excerpt":{"rendered":"<p>Tasse (4,5 cm de haut) et sous-tasse \u00a0(16 cm de diam\u00e8tre) de la manufacture de Longwy, avec un d\u00e9cor floral \u00e9maill\u00e9. Il a un style tr\u00e8s Art D\u00e9co et date sans doute des ann\u00e9es 1930 . 3 ensembles disponibles au prix de 8\u20ac la tasse et la sous-tasse. R\u00e9f 41.95<\/p>\n","protected":false},"featured_media":10482,"comment_status":"open","ping_status":"closed","template":"","meta":{"neve_meta_sidebar":"","neve_meta_container":"","neve_meta_enable_content_width":"off","neve_meta_content_width":100,"neve_meta_title_alignment":"","neve_meta_author_avatar":"","neve_post_elements_order":"","neve_meta_disable_header":"","neve_meta_disable_footer":"","neve_meta_disable_title":""},"product_brand":[],"product_cat":[172,16,59,66],"product_tag":[],"class_list":{"0":"post-10480","1":"product","2":"type-product","3":"status-publish","4":"has-post-thumbnail","6":"product_cat-en-cuisine","7":"product_cat-ceramique","8":"product_cat-france","9":"product_cat-longwy","11":"first","12":"instock","13":"shipping-taxable","14":"purchasable","15":"product-type-simple"},"_links":{"self":[{"href":"https:\/\/legrenierdelatour.be\/brocante\/wp-json\/wp\/v2\/product\/10480","targetHints":{"allow":["GET"]}}],"collection":[{"href":"https:\/\/legrenierdelatour.be\/brocante\/wp-json\/wp\/v2\/product"}],"about":[{"href":"https:\/\/legrenierdelatour.be\/brocante\/wp-json\/wp\/v2\/types\/product"}],"replies":[{"embeddable":true,"href":"https:\/\/legrenierdelatour.be\/brocante\/wp-json\/wp\/v2\/comments?post=10480"}],"wp:featuredmedia":[{"embeddable":true,"href":"https:\/\/legrenierdelatour.be\/brocante\/wp-json\/wp\/v2\/media\/10482"}],"wp:attachment":[{"href":"https:\/\/legrenierdelatour.be\/brocante\/wp-json\/wp\/v2\/media?parent=10480"}],"wp:term":[{"taxonomy":"product_brand","embeddable":true,"href":"https:\/\/legrenierdelatour.be\/brocante\/wp-json\/wp\/v2\/product_brand?post=10480"},{"taxonomy":"product_cat","embeddable":true,"href":"https:\/\/legrenierdelatour.be\/brocante\/wp-json\/wp\/v2\/product_cat?post=10480"},{"taxonomy":"product_tag","embeddable":true,"href":"https:\/\/legrenierdelatour.be\/brocante\/wp-json\/wp\/v2\/product_tag?post=10480"}],"curies":[{"name":"wp","href":"https:\/\/api.w.org\/{rel}","templated":true}]}}