{"id":10464,"date":"2025-05-13T14:07:35","date_gmt":"2025-05-13T12:07:35","guid":{"rendered":"https:\/\/legrenierdelatour.be\/brocante\/?post_type=product&#038;p=10464"},"modified":"2025-05-13T14:07:35","modified_gmt":"2025-05-13T12:07:35","slug":"ensemble-de-cadres-en-faience-chateaux-de-luxembourg","status":"publish","type":"product","link":"https:\/\/legrenierdelatour.be\/brocante\/produit\/ensemble-de-cadres-en-faience-chateaux-de-luxembourg\/","title":{"rendered":"Ensemble de cadres en fa\u00efence, Ch\u00e2teaux de Luxembourg"},"content":{"rendered":"<p>Ensemble de 5 cadres en fa\u00efence (11 cm de c\u00f4t\u00e9) repr\u00e9ssnetant de sch\u00e2teaux de Luxembourg : Schendels, L\u00ebtzebuerg, Clierf, Bourscheit, Kautebaack. Il s\u2019agit d\u2019une \u00e9dituion limit\u00e9e, s\u00e9rie num\u00e9rot\u00e9e n\u00b06, et sign\u00e9e de l\u2019auteur. Le dessinateur est Patrick Oms et les dessins sont dat\u00e9s des ann\u00e9es \u201980.<\/p>\n<div>R\u00e9f 41.88<\/div>\n","protected":false},"excerpt":{"rendered":"<p>Ensemble de 5 cadres en fa\u00efence (11 cm de c\u00f4t\u00e9) repr\u00e9ssnetant de sch\u00e2teaux de Luxembourg : Schendels, L\u00ebtzebuerg, Clierf, Bourscheit, Kautebaack. Il s\u2019agit d\u2019une \u00e9dituion limit\u00e9e, s\u00e9rie num\u00e9rot\u00e9e n\u00b06, et sign\u00e9e de l\u2019auteur. Le dessinateur est Patrick Oms et les dessins sont dat\u00e9s des ann\u00e9es \u201980. R\u00e9f 41.88<\/p>\n","protected":false},"featured_media":10458,"comment_status":"open","ping_status":"closed","template":"","meta":{"neve_meta_sidebar":"","neve_meta_container":"","neve_meta_enable_content_width":"off","neve_meta_content_width":100,"neve_meta_title_alignment":"","neve_meta_author_avatar":"","neve_post_elements_order":"","neve_meta_disable_header":"","neve_meta_disable_footer":"","neve_meta_disable_title":""},"product_brand":[],"product_cat":[16,165,166,167],"product_tag":[],"class_list":{"0":"post-10464","1":"product","2":"type-product","3":"status-publish","4":"has-post-thumbnail","6":"product_cat-ceramique","7":"product_cat-luxembourg","8":"product_cat-luxemburgensia-luxemburgensia","9":"product_cat-peintures-et-sculptures","11":"first","12":"instock","13":"shipping-taxable","14":"purchasable","15":"product-type-simple"},"_links":{"self":[{"href":"https:\/\/legrenierdelatour.be\/brocante\/wp-json\/wp\/v2\/product\/10464","targetHints":{"allow":["GET"]}}],"collection":[{"href":"https:\/\/legrenierdelatour.be\/brocante\/wp-json\/wp\/v2\/product"}],"about":[{"href":"https:\/\/legrenierdelatour.be\/brocante\/wp-json\/wp\/v2\/types\/product"}],"replies":[{"embeddable":true,"href":"https:\/\/legrenierdelatour.be\/brocante\/wp-json\/wp\/v2\/comments?post=10464"}],"wp:featuredmedia":[{"embeddable":true,"href":"https:\/\/legrenierdelatour.be\/brocante\/wp-json\/wp\/v2\/media\/10458"}],"wp:attachment":[{"href":"https:\/\/legrenierdelatour.be\/brocante\/wp-json\/wp\/v2\/media?parent=10464"}],"wp:term":[{"taxonomy":"product_brand","embeddable":true,"href":"https:\/\/legrenierdelatour.be\/brocante\/wp-json\/wp\/v2\/product_brand?post=10464"},{"taxonomy":"product_cat","embeddable":true,"href":"https:\/\/legrenierdelatour.be\/brocante\/wp-json\/wp\/v2\/product_cat?post=10464"},{"taxonomy":"product_tag","embeddable":true,"href":"https:\/\/legrenierdelatour.be\/brocante\/wp-json\/wp\/v2\/product_tag?post=10464"}],"curies":[{"name":"wp","href":"https:\/\/api.w.org\/{rel}","templated":true}]}}