{"id":10455,"date":"2025-05-13T13:17:13","date_gmt":"2025-05-13T11:17:13","guid":{"rendered":"https:\/\/legrenierdelatour.be\/brocante\/?post_type=product&#038;p=10455"},"modified":"2025-05-13T13:17:13","modified_gmt":"2025-05-13T11:17:13","slug":"aquarelle-eglise-de-fouches-emile-crochet-1992","status":"publish","type":"product","link":"https:\/\/legrenierdelatour.be\/brocante\/produit\/aquarelle-eglise-de-fouches-emile-crochet-1992\/","title":{"rendered":"Aquarelle \u00ab\u00a0Eglise de Fouches\u00a0\u00bb, Emile Crochet 1992"},"content":{"rendered":"<div>Dessin \u00e0 l\u2019encre de chine rehauss\u00e9 d\u2019aquarelle (46&#215;32 cm cadre compris) repr\u00e9senatnt l\u2019eglise de Fouches et sign\u00e9e en bas \u00e0 droite Crochet 92. Il s\u2019agit sans doute d\u2019une oeuvre de Emile Crochet (1943-2022). Ancien \u00e9l\u00e8ve de Jean Lejour et de Ernest Bernardy, ses anciens professeurs \u00e0 l&rsquo;Ath\u00e9n\u00e9e Royal de Virton, il est devenu un ma\u00eetre des perspectives.\u00a0L&rsquo;artiste est revenu \u00e0 la peinture, sa passion, d\u00e8s que l&rsquo;heure de la retraite a sonn\u00e9.\u00a0Au cours de ces vingt ann\u00e9es il d\u00e9buta par l&rsquo;encre de chine, il apposa ensuite quelques couleurs pour finir par l&rsquo;aquarelle v\u00e9ritable. Il travaille toujours par th\u00e8mes et principalement des paysages, qu&rsquo;il aime et qu&rsquo;il conna\u00eet.<\/div>\n<div>R\u00e9f 41.86<\/div>\n","protected":false},"excerpt":{"rendered":"<p>Dessin \u00e0 l\u2019encre de chine rehauss\u00e9 d\u2019aquarelle (46&#215;32 cm cadre compris) repr\u00e9senatnt l\u2019eglise de Fouches et sign\u00e9e en bas \u00e0 droite Crochet 92. Il s\u2019agit sans doute d\u2019une oeuvre de Emile Crochet (1943-2022). Ancien \u00e9l\u00e8ve de Jean Lejour et de Ernest Bernardy, ses anciens professeurs \u00e0 l&rsquo;Ath\u00e9n\u00e9e Royal de Virton, il est devenu un ma\u00eetre&hellip;&nbsp;<a href=\"https:\/\/legrenierdelatour.be\/brocante\/produit\/aquarelle-eglise-de-fouches-emile-crochet-1992\/\" class=\"\" rel=\"bookmark\">Lire la suite &raquo;<span class=\"screen-reader-text\">Aquarelle \u00ab\u00a0Eglise de Fouches\u00a0\u00bb, Emile Crochet 1992<\/span><\/a><\/p>\n","protected":false},"featured_media":10456,"comment_status":"open","ping_status":"closed","template":"","meta":{"neve_meta_sidebar":"","neve_meta_container":"","neve_meta_enable_content_width":"off","neve_meta_content_width":100,"neve_meta_title_alignment":"","neve_meta_author_avatar":"","neve_post_elements_order":"","neve_meta_disable_header":"","neve_meta_disable_footer":"","neve_meta_disable_title":""},"product_brand":[],"product_cat":[31,167],"product_tag":[],"class_list":{"0":"post-10455","1":"product","2":"type-product","3":"status-publish","4":"has-post-thumbnail","6":"product_cat-pays-darlon","7":"product_cat-peintures-et-sculptures","9":"first","10":"instock","11":"shipping-taxable","12":"purchasable","13":"product-type-simple"},"_links":{"self":[{"href":"https:\/\/legrenierdelatour.be\/brocante\/wp-json\/wp\/v2\/product\/10455","targetHints":{"allow":["GET"]}}],"collection":[{"href":"https:\/\/legrenierdelatour.be\/brocante\/wp-json\/wp\/v2\/product"}],"about":[{"href":"https:\/\/legrenierdelatour.be\/brocante\/wp-json\/wp\/v2\/types\/product"}],"replies":[{"embeddable":true,"href":"https:\/\/legrenierdelatour.be\/brocante\/wp-json\/wp\/v2\/comments?post=10455"}],"wp:featuredmedia":[{"embeddable":true,"href":"https:\/\/legrenierdelatour.be\/brocante\/wp-json\/wp\/v2\/media\/10456"}],"wp:attachment":[{"href":"https:\/\/legrenierdelatour.be\/brocante\/wp-json\/wp\/v2\/media?parent=10455"}],"wp:term":[{"taxonomy":"product_brand","embeddable":true,"href":"https:\/\/legrenierdelatour.be\/brocante\/wp-json\/wp\/v2\/product_brand?post=10455"},{"taxonomy":"product_cat","embeddable":true,"href":"https:\/\/legrenierdelatour.be\/brocante\/wp-json\/wp\/v2\/product_cat?post=10455"},{"taxonomy":"product_tag","embeddable":true,"href":"https:\/\/legrenierdelatour.be\/brocante\/wp-json\/wp\/v2\/product_tag?post=10455"}],"curies":[{"name":"wp","href":"https:\/\/api.w.org\/{rel}","templated":true}]}}