{"id":10440,"date":"2025-05-12T11:01:17","date_gmt":"2025-05-12T09:01:17","guid":{"rendered":"https:\/\/legrenierdelatour.be\/brocante\/?post_type=product&#038;p=10440"},"modified":"2025-05-12T11:01:17","modified_gmt":"2025-05-12T09:01:17","slug":"vase-west-germany-jasba-1139-20","status":"publish","type":"product","link":"https:\/\/legrenierdelatour.be\/brocante\/produit\/vase-west-germany-jasba-1139-20\/","title":{"rendered":"Vase West Germany Jasba, 1139-20"},"content":{"rendered":"<p>Beau vase (20 cm de haut) de la manufacture Jasba en Allemagne de l\u2019Ouest (1926-1975 pour la c\u00e9ramique d\u00e9corative) \u00e0 Ransbach-Baumbach. Il porte le num\u00e9ro de forme 1139-20. Il date sans doute des ann\u00e9es 1970 et est en parfait \u00e9tat.<\/p>\n<div>R\u00e9f 41.72<\/div>\n","protected":false},"excerpt":{"rendered":"<p>Beau vase (20 cm de haut) de la manufacture Jasba en Allemagne de l\u2019Ouest (1926-1975 pour la c\u00e9ramique d\u00e9corative) \u00e0 Ransbach-Baumbach. Il porte le num\u00e9ro de forme 1139-20. Il date sans doute des ann\u00e9es 1970 et est en parfait \u00e9tat. R\u00e9f 41.72<\/p>\n","protected":false},"featured_media":10442,"comment_status":"open","ping_status":"closed","template":"","meta":{"neve_meta_sidebar":"","neve_meta_container":"","neve_meta_enable_content_width":"off","neve_meta_content_width":100,"neve_meta_title_alignment":"","neve_meta_author_avatar":"","neve_post_elements_order":"","neve_meta_disable_header":"","neve_meta_disable_footer":"","neve_meta_disable_title":""},"product_brand":[],"product_cat":[48,16,47],"product_tag":[],"class_list":{"0":"post-10440","1":"product","2":"type-product","3":"status-publish","4":"has-post-thumbnail","6":"product_cat-allemagne","7":"product_cat-ceramique","8":"product_cat-west-germany","10":"first","11":"instock","12":"shipping-taxable","13":"purchasable","14":"product-type-simple"},"_links":{"self":[{"href":"https:\/\/legrenierdelatour.be\/brocante\/wp-json\/wp\/v2\/product\/10440","targetHints":{"allow":["GET"]}}],"collection":[{"href":"https:\/\/legrenierdelatour.be\/brocante\/wp-json\/wp\/v2\/product"}],"about":[{"href":"https:\/\/legrenierdelatour.be\/brocante\/wp-json\/wp\/v2\/types\/product"}],"replies":[{"embeddable":true,"href":"https:\/\/legrenierdelatour.be\/brocante\/wp-json\/wp\/v2\/comments?post=10440"}],"wp:featuredmedia":[{"embeddable":true,"href":"https:\/\/legrenierdelatour.be\/brocante\/wp-json\/wp\/v2\/media\/10442"}],"wp:attachment":[{"href":"https:\/\/legrenierdelatour.be\/brocante\/wp-json\/wp\/v2\/media?parent=10440"}],"wp:term":[{"taxonomy":"product_brand","embeddable":true,"href":"https:\/\/legrenierdelatour.be\/brocante\/wp-json\/wp\/v2\/product_brand?post=10440"},{"taxonomy":"product_cat","embeddable":true,"href":"https:\/\/legrenierdelatour.be\/brocante\/wp-json\/wp\/v2\/product_cat?post=10440"},{"taxonomy":"product_tag","embeddable":true,"href":"https:\/\/legrenierdelatour.be\/brocante\/wp-json\/wp\/v2\/product_tag?post=10440"}],"curies":[{"name":"wp","href":"https:\/\/api.w.org\/{rel}","templated":true}]}}