{"id":10424,"date":"2025-05-09T08:06:19","date_gmt":"2025-05-09T06:06:19","guid":{"rendered":"https:\/\/legrenierdelatour.be\/brocante\/?post_type=product&#038;p=10424"},"modified":"2025-05-09T08:06:20","modified_gmt":"2025-05-09T06:06:20","slug":"sauciere-boch-serigraphiee","status":"publish","type":"product","link":"https:\/\/legrenierdelatour.be\/brocante\/produit\/sauciere-boch-serigraphiee\/","title":{"rendered":"Sauci\u00e8re Boch s\u00e9rigraphi\u00e9e"},"content":{"rendered":"<p>Sauci\u00e8re (23 cm de long) de la manufacture de Boch La Louvi\u00e8re, portant un d\u00e9cor s\u00e9rigraphi\u00e9 des ann\u00e9es 1940-50.<\/p>\n<div>R\u00e9f 41.63<\/div>\n","protected":false},"excerpt":{"rendered":"<p>Sauci\u00e8re (23 cm de long) de la manufacture de Boch La Louvi\u00e8re, portant un d\u00e9cor s\u00e9rigraphi\u00e9 des ann\u00e9es 1940-50. R\u00e9f 41.63<\/p>\n","protected":false},"featured_media":10411,"comment_status":"open","ping_status":"closed","template":"","meta":{"neve_meta_sidebar":"","neve_meta_container":"","neve_meta_enable_content_width":"off","neve_meta_content_width":100,"neve_meta_title_alignment":"","neve_meta_author_avatar":"","neve_post_elements_order":"","neve_meta_disable_header":"","neve_meta_disable_footer":"","neve_meta_disable_title":""},"product_brand":[],"product_cat":[37,175,172,16],"product_tag":[],"class_list":{"0":"post-10424","1":"product","2":"type-product","3":"status-publish","4":"has-post-thumbnail","6":"product_cat-belgique","7":"product_cat-boch","8":"product_cat-en-cuisine","9":"product_cat-ceramique","11":"first","12":"instock","13":"shipping-taxable","14":"purchasable","15":"product-type-simple"},"_links":{"self":[{"href":"https:\/\/legrenierdelatour.be\/brocante\/wp-json\/wp\/v2\/product\/10424","targetHints":{"allow":["GET"]}}],"collection":[{"href":"https:\/\/legrenierdelatour.be\/brocante\/wp-json\/wp\/v2\/product"}],"about":[{"href":"https:\/\/legrenierdelatour.be\/brocante\/wp-json\/wp\/v2\/types\/product"}],"replies":[{"embeddable":true,"href":"https:\/\/legrenierdelatour.be\/brocante\/wp-json\/wp\/v2\/comments?post=10424"}],"wp:featuredmedia":[{"embeddable":true,"href":"https:\/\/legrenierdelatour.be\/brocante\/wp-json\/wp\/v2\/media\/10411"}],"wp:attachment":[{"href":"https:\/\/legrenierdelatour.be\/brocante\/wp-json\/wp\/v2\/media?parent=10424"}],"wp:term":[{"taxonomy":"product_brand","embeddable":true,"href":"https:\/\/legrenierdelatour.be\/brocante\/wp-json\/wp\/v2\/product_brand?post=10424"},{"taxonomy":"product_cat","embeddable":true,"href":"https:\/\/legrenierdelatour.be\/brocante\/wp-json\/wp\/v2\/product_cat?post=10424"},{"taxonomy":"product_tag","embeddable":true,"href":"https:\/\/legrenierdelatour.be\/brocante\/wp-json\/wp\/v2\/product_tag?post=10424"}],"curies":[{"name":"wp","href":"https:\/\/api.w.org\/{rel}","templated":true}]}}