{"id":1041,"date":"2022-03-26T11:02:39","date_gmt":"2022-03-26T10:02:39","guid":{"rendered":"https:\/\/legrenierdelatour.be\/brocante\/?post_type=product&#038;p=1041"},"modified":"2022-05-19T16:08:26","modified_gmt":"2022-05-19T14:08:26","slug":"pichet-4038-fleurs","status":"publish","type":"product","link":"https:\/\/legrenierdelatour.be\/brocante\/produit\/pichet-4038-fleurs\/","title":{"rendered":"Pichet 4038 \u00ab\u00a0Fleurs\u00a0\u00bb"},"content":{"rendered":"<p>Cruche ou pichet (17 cm haut) en barbotine, avec dorures et motif de fleurs en relief, et de forme \u00ab\u00a04038\u00a0\u00bb. Sans doute une production de la r\u00e9gion montoise en Belgique, dans les ann\u00e9es 1960-70.<\/p>\n<div>R\u00e9f 10.16<\/div>\n","protected":false},"excerpt":{"rendered":"<p>Cruche ou pichet (17 cm haut) en barbotine, avec dorures et motif de fleurs en relief, et de forme \u00ab\u00a04038\u00a0\u00bb. Sans doute une production de la r\u00e9gion montoise en Belgique, dans les ann\u00e9es 1960-70. R\u00e9f 10.16<\/p>\n","protected":false},"featured_media":1010,"comment_status":"open","ping_status":"closed","template":"","meta":{"neve_meta_sidebar":"","neve_meta_container":"","neve_meta_enable_content_width":"off","neve_meta_content_width":100,"neve_meta_title_alignment":"","neve_meta_author_avatar":"","neve_post_elements_order":"","neve_meta_disable_header":"","neve_meta_disable_footer":"","neve_meta_disable_title":""},"product_brand":[],"product_cat":[37,16,36],"product_tag":[40,19,38],"class_list":{"0":"post-1041","1":"product","2":"type-product","3":"status-publish","4":"has-post-thumbnail","6":"product_cat-belgique","7":"product_cat-ceramique","8":"product_cat-hubert-bequet","9":"product_tag-belgique","10":"product_tag-faience","11":"product_tag-hubert-bequet","13":"first","14":"instock","15":"shipping-taxable","16":"purchasable","17":"product-type-simple"},"_links":{"self":[{"href":"https:\/\/legrenierdelatour.be\/brocante\/wp-json\/wp\/v2\/product\/1041","targetHints":{"allow":["GET"]}}],"collection":[{"href":"https:\/\/legrenierdelatour.be\/brocante\/wp-json\/wp\/v2\/product"}],"about":[{"href":"https:\/\/legrenierdelatour.be\/brocante\/wp-json\/wp\/v2\/types\/product"}],"replies":[{"embeddable":true,"href":"https:\/\/legrenierdelatour.be\/brocante\/wp-json\/wp\/v2\/comments?post=1041"}],"wp:featuredmedia":[{"embeddable":true,"href":"https:\/\/legrenierdelatour.be\/brocante\/wp-json\/wp\/v2\/media\/1010"}],"wp:attachment":[{"href":"https:\/\/legrenierdelatour.be\/brocante\/wp-json\/wp\/v2\/media?parent=1041"}],"wp:term":[{"taxonomy":"product_brand","embeddable":true,"href":"https:\/\/legrenierdelatour.be\/brocante\/wp-json\/wp\/v2\/product_brand?post=1041"},{"taxonomy":"product_cat","embeddable":true,"href":"https:\/\/legrenierdelatour.be\/brocante\/wp-json\/wp\/v2\/product_cat?post=1041"},{"taxonomy":"product_tag","embeddable":true,"href":"https:\/\/legrenierdelatour.be\/brocante\/wp-json\/wp\/v2\/product_tag?post=1041"}],"curies":[{"name":"wp","href":"https:\/\/api.w.org\/{rel}","templated":true}]}}