{"id":10403,"date":"2025-05-07T14:55:53","date_gmt":"2025-05-07T12:55:53","guid":{"rendered":"https:\/\/legrenierdelatour.be\/brocante\/?post_type=product&#038;p=10403"},"modified":"2025-08-08T18:14:42","modified_gmt":"2025-08-08T16:14:42","slug":"assiettes-boch-la-louviere-tournesol","status":"publish","type":"product","link":"https:\/\/legrenierdelatour.be\/brocante\/produit\/assiettes-boch-la-louviere-tournesol\/","title":{"rendered":"Assiettes Boch La Louvi\u00e8re, Tournesol"},"content":{"rendered":"<p>Assiettes (19 cm de diam\u00e8tre) de la manufacture Boch, faisant sans doute partie de la collection Tournesol, datant des ann\u00e9es 1960.<\/p>\n<div>3 exemplaires disponibles au prix de 4\u20ac pi\u00e8ce.<\/div>\n<div>R\u00e9f 41.60<\/div>\n","protected":false},"excerpt":{"rendered":"<p>Assiettes (19 cm de diam\u00e8tre) de la manufacture Boch, faisant sans doute partie de la collection Tournesol, datant des ann\u00e9es 1960. 3 exemplaires disponibles au prix de 4\u20ac pi\u00e8ce. R\u00e9f 41.60<\/p>\n","protected":false},"featured_media":10404,"comment_status":"open","ping_status":"closed","template":"","meta":{"neve_meta_sidebar":"","neve_meta_container":"","neve_meta_enable_content_width":"off","neve_meta_content_width":100,"neve_meta_title_alignment":"","neve_meta_author_avatar":"","neve_post_elements_order":"","neve_meta_disable_header":"","neve_meta_disable_footer":"","neve_meta_disable_title":""},"product_brand":[],"product_cat":[37,175,172,16],"product_tag":[],"class_list":{"0":"post-10403","1":"product","2":"type-product","3":"status-publish","4":"has-post-thumbnail","6":"product_cat-belgique","7":"product_cat-boch","8":"product_cat-en-cuisine","9":"product_cat-ceramique","11":"first","12":"instock","13":"shipping-taxable","14":"purchasable","15":"product-type-simple"},"_links":{"self":[{"href":"https:\/\/legrenierdelatour.be\/brocante\/wp-json\/wp\/v2\/product\/10403","targetHints":{"allow":["GET"]}}],"collection":[{"href":"https:\/\/legrenierdelatour.be\/brocante\/wp-json\/wp\/v2\/product"}],"about":[{"href":"https:\/\/legrenierdelatour.be\/brocante\/wp-json\/wp\/v2\/types\/product"}],"replies":[{"embeddable":true,"href":"https:\/\/legrenierdelatour.be\/brocante\/wp-json\/wp\/v2\/comments?post=10403"}],"wp:featuredmedia":[{"embeddable":true,"href":"https:\/\/legrenierdelatour.be\/brocante\/wp-json\/wp\/v2\/media\/10404"}],"wp:attachment":[{"href":"https:\/\/legrenierdelatour.be\/brocante\/wp-json\/wp\/v2\/media?parent=10403"}],"wp:term":[{"taxonomy":"product_brand","embeddable":true,"href":"https:\/\/legrenierdelatour.be\/brocante\/wp-json\/wp\/v2\/product_brand?post=10403"},{"taxonomy":"product_cat","embeddable":true,"href":"https:\/\/legrenierdelatour.be\/brocante\/wp-json\/wp\/v2\/product_cat?post=10403"},{"taxonomy":"product_tag","embeddable":true,"href":"https:\/\/legrenierdelatour.be\/brocante\/wp-json\/wp\/v2\/product_tag?post=10403"}],"curies":[{"name":"wp","href":"https:\/\/api.w.org\/{rel}","templated":true}]}}