{"id":10369,"date":"2025-05-06T11:32:03","date_gmt":"2025-05-06T09:32:03","guid":{"rendered":"https:\/\/legrenierdelatour.be\/brocante\/?post_type=product&#038;p=10369"},"modified":"2025-05-06T11:32:03","modified_gmt":"2025-05-06T09:32:03","slug":"boite-a-cigares-princes-de-luxembourg-prince-charles","status":"publish","type":"product","link":"https:\/\/legrenierdelatour.be\/brocante\/produit\/boite-a-cigares-princes-de-luxembourg-prince-charles\/","title":{"rendered":"Bo\u00eete \u00e0 cigares, Princes de Luxembourg, Prince Charles"},"content":{"rendered":"<p>Grande boite \u00e0 cigares (19x13x9 cm) de la marque Alto. Elle porte les armoiries des Princes de Luxembourg et est est doubl\u00e9e int\u00e9rieurement de velour portant cette m\u00eame inscription. Ici, il s\u2019agit des cigares \u00ab\u00a0Prince Charles\u00a0\u00bb. Elle date des ann\u00e9es 1950.<\/p>\n<div>R\u00e9f 41.37<\/div>\n","protected":false},"excerpt":{"rendered":"<p>Grande boite \u00e0 cigares (19x13x9 cm) de la marque Alto. Elle porte les armoiries des Princes de Luxembourg et est est doubl\u00e9e int\u00e9rieurement de velour portant cette m\u00eame inscription. Ici, il s\u2019agit des cigares \u00ab\u00a0Prince Charles\u00a0\u00bb. Elle date des ann\u00e9es 1950. R\u00e9f 41.37<\/p>\n","protected":false},"featured_media":10370,"comment_status":"open","ping_status":"closed","template":"","meta":{"neve_meta_sidebar":"","neve_meta_container":"","neve_meta_enable_content_width":"off","neve_meta_content_width":100,"neve_meta_title_alignment":"","neve_meta_author_avatar":"","neve_post_elements_order":"","neve_meta_disable_header":"","neve_meta_disable_footer":"","neve_meta_disable_title":""},"product_brand":[],"product_cat":[183,173],"product_tag":[],"class_list":{"0":"post-10369","1":"product","2":"type-product","3":"status-publish","4":"has-post-thumbnail","6":"product_cat-bureau-et-fumoir","7":"product_cat-objets-de-publicite","9":"first","10":"instock","11":"shipping-taxable","12":"purchasable","13":"product-type-simple"},"_links":{"self":[{"href":"https:\/\/legrenierdelatour.be\/brocante\/wp-json\/wp\/v2\/product\/10369","targetHints":{"allow":["GET"]}}],"collection":[{"href":"https:\/\/legrenierdelatour.be\/brocante\/wp-json\/wp\/v2\/product"}],"about":[{"href":"https:\/\/legrenierdelatour.be\/brocante\/wp-json\/wp\/v2\/types\/product"}],"replies":[{"embeddable":true,"href":"https:\/\/legrenierdelatour.be\/brocante\/wp-json\/wp\/v2\/comments?post=10369"}],"wp:featuredmedia":[{"embeddable":true,"href":"https:\/\/legrenierdelatour.be\/brocante\/wp-json\/wp\/v2\/media\/10370"}],"wp:attachment":[{"href":"https:\/\/legrenierdelatour.be\/brocante\/wp-json\/wp\/v2\/media?parent=10369"}],"wp:term":[{"taxonomy":"product_brand","embeddable":true,"href":"https:\/\/legrenierdelatour.be\/brocante\/wp-json\/wp\/v2\/product_brand?post=10369"},{"taxonomy":"product_cat","embeddable":true,"href":"https:\/\/legrenierdelatour.be\/brocante\/wp-json\/wp\/v2\/product_cat?post=10369"},{"taxonomy":"product_tag","embeddable":true,"href":"https:\/\/legrenierdelatour.be\/brocante\/wp-json\/wp\/v2\/product_tag?post=10369"}],"curies":[{"name":"wp","href":"https:\/\/api.w.org\/{rel}","templated":true}]}}