{"id":10363,"date":"2025-05-06T10:04:07","date_gmt":"2025-05-06T08:04:07","guid":{"rendered":"https:\/\/legrenierdelatour.be\/brocante\/?post_type=product&#038;p=10363"},"modified":"2025-05-06T10:04:07","modified_gmt":"2025-05-06T08:04:07","slug":"assiettes-a-dessert-brunes-boch-la-louviere-1960","status":"publish","type":"product","link":"https:\/\/legrenierdelatour.be\/brocante\/produit\/assiettes-a-dessert-brunes-boch-la-louviere-1960\/","title":{"rendered":"Assiettes \u00e0 dessert brunes, Boch La Louvi\u00e8re, 1960"},"content":{"rendered":"<p>Assiette \u00e0 dessert (19 cm de diam\u00e8tre) de la collection \u00a0anniversaire de Boch La Louvi\u00e8re, datant des ann\u00e9es 1960. 10 exemplaires disponibles au prix de 3\u20ac pi\u00e8ce.<\/p>\n<div>R\u00e9f 41.31<\/div>\n","protected":false},"excerpt":{"rendered":"<p>Assiette \u00e0 dessert (19 cm de diam\u00e8tre) de la collection \u00a0anniversaire de Boch La Louvi\u00e8re, datant des ann\u00e9es 1960. 10 exemplaires disponibles au prix de 3\u20ac pi\u00e8ce. R\u00e9f 41.31<\/p>\n","protected":false},"featured_media":10364,"comment_status":"open","ping_status":"closed","template":"","meta":{"neve_meta_sidebar":"","neve_meta_container":"","neve_meta_enable_content_width":"off","neve_meta_content_width":100,"neve_meta_title_alignment":"","neve_meta_author_avatar":"","neve_post_elements_order":"","neve_meta_disable_header":"","neve_meta_disable_footer":"","neve_meta_disable_title":""},"product_brand":[],"product_cat":[37,175,172,16],"product_tag":[],"class_list":{"0":"post-10363","1":"product","2":"type-product","3":"status-publish","4":"has-post-thumbnail","6":"product_cat-belgique","7":"product_cat-boch","8":"product_cat-en-cuisine","9":"product_cat-ceramique","11":"first","12":"instock","13":"shipping-taxable","14":"purchasable","15":"product-type-simple"},"_links":{"self":[{"href":"https:\/\/legrenierdelatour.be\/brocante\/wp-json\/wp\/v2\/product\/10363","targetHints":{"allow":["GET"]}}],"collection":[{"href":"https:\/\/legrenierdelatour.be\/brocante\/wp-json\/wp\/v2\/product"}],"about":[{"href":"https:\/\/legrenierdelatour.be\/brocante\/wp-json\/wp\/v2\/types\/product"}],"replies":[{"embeddable":true,"href":"https:\/\/legrenierdelatour.be\/brocante\/wp-json\/wp\/v2\/comments?post=10363"}],"wp:featuredmedia":[{"embeddable":true,"href":"https:\/\/legrenierdelatour.be\/brocante\/wp-json\/wp\/v2\/media\/10364"}],"wp:attachment":[{"href":"https:\/\/legrenierdelatour.be\/brocante\/wp-json\/wp\/v2\/media?parent=10363"}],"wp:term":[{"taxonomy":"product_brand","embeddable":true,"href":"https:\/\/legrenierdelatour.be\/brocante\/wp-json\/wp\/v2\/product_brand?post=10363"},{"taxonomy":"product_cat","embeddable":true,"href":"https:\/\/legrenierdelatour.be\/brocante\/wp-json\/wp\/v2\/product_cat?post=10363"},{"taxonomy":"product_tag","embeddable":true,"href":"https:\/\/legrenierdelatour.be\/brocante\/wp-json\/wp\/v2\/product_tag?post=10363"}],"curies":[{"name":"wp","href":"https:\/\/api.w.org\/{rel}","templated":true}]}}