{"id":10357,"date":"2025-05-06T09:56:07","date_gmt":"2025-05-06T07:56:07","guid":{"rendered":"https:\/\/legrenierdelatour.be\/brocante\/?post_type=product&#038;p=10357"},"modified":"2025-05-06T09:56:07","modified_gmt":"2025-05-06T07:56:07","slug":"sauciere-marguerites-boch-la-louviere","status":"publish","type":"product","link":"https:\/\/legrenierdelatour.be\/brocante\/produit\/sauciere-marguerites-boch-la-louviere\/","title":{"rendered":"Sauci\u00e8re \u00ab\u00a0Marguerites\u00a0\u00bb, Boch La Louvi\u00e8re"},"content":{"rendered":"<p>Sauci\u00e8re (21 cm de long) avec d\u00e9cor en d\u00e9calcomanie \u00ab\u00a0Marguerites\u00a0\u00bb produit par la manufacture Boch La Louvi\u00e8re, sans doute dans les ann\u00e9es 1960.<\/p>\n<div>R\u00e9f 41.29<\/div>\n","protected":false},"excerpt":{"rendered":"<p>Sauci\u00e8re (21 cm de long) avec d\u00e9cor en d\u00e9calcomanie \u00ab\u00a0Marguerites\u00a0\u00bb produit par la manufacture Boch La Louvi\u00e8re, sans doute dans les ann\u00e9es 1960. R\u00e9f 41.29<\/p>\n","protected":false},"featured_media":10358,"comment_status":"open","ping_status":"closed","template":"","meta":{"neve_meta_sidebar":"","neve_meta_container":"","neve_meta_enable_content_width":"off","neve_meta_content_width":100,"neve_meta_title_alignment":"","neve_meta_author_avatar":"","neve_post_elements_order":"","neve_meta_disable_header":"","neve_meta_disable_footer":"","neve_meta_disable_title":""},"product_brand":[],"product_cat":[175,172,16],"product_tag":[],"class_list":{"0":"post-10357","1":"product","2":"type-product","3":"status-publish","4":"has-post-thumbnail","6":"product_cat-boch","7":"product_cat-en-cuisine","8":"product_cat-ceramique","10":"first","11":"instock","12":"shipping-taxable","13":"purchasable","14":"product-type-simple"},"_links":{"self":[{"href":"https:\/\/legrenierdelatour.be\/brocante\/wp-json\/wp\/v2\/product\/10357","targetHints":{"allow":["GET"]}}],"collection":[{"href":"https:\/\/legrenierdelatour.be\/brocante\/wp-json\/wp\/v2\/product"}],"about":[{"href":"https:\/\/legrenierdelatour.be\/brocante\/wp-json\/wp\/v2\/types\/product"}],"replies":[{"embeddable":true,"href":"https:\/\/legrenierdelatour.be\/brocante\/wp-json\/wp\/v2\/comments?post=10357"}],"wp:featuredmedia":[{"embeddable":true,"href":"https:\/\/legrenierdelatour.be\/brocante\/wp-json\/wp\/v2\/media\/10358"}],"wp:attachment":[{"href":"https:\/\/legrenierdelatour.be\/brocante\/wp-json\/wp\/v2\/media?parent=10357"}],"wp:term":[{"taxonomy":"product_brand","embeddable":true,"href":"https:\/\/legrenierdelatour.be\/brocante\/wp-json\/wp\/v2\/product_brand?post=10357"},{"taxonomy":"product_cat","embeddable":true,"href":"https:\/\/legrenierdelatour.be\/brocante\/wp-json\/wp\/v2\/product_cat?post=10357"},{"taxonomy":"product_tag","embeddable":true,"href":"https:\/\/legrenierdelatour.be\/brocante\/wp-json\/wp\/v2\/product_tag?post=10357"}],"curies":[{"name":"wp","href":"https:\/\/api.w.org\/{rel}","templated":true}]}}