{"id":10356,"date":"2025-05-06T09:51:09","date_gmt":"2025-05-06T07:51:09","guid":{"rendered":"https:\/\/legrenierdelatour.be\/brocante\/?post_type=product&#038;p=10356"},"modified":"2025-05-06T09:51:10","modified_gmt":"2025-05-06T07:51:10","slug":"assiette-en-faience-fine-villeroy-boch-vaudrevange-1836","status":"publish","type":"product","link":"https:\/\/legrenierdelatour.be\/brocante\/produit\/assiette-en-faience-fine-villeroy-boch-vaudrevange-1836\/","title":{"rendered":"Assiette en fa\u00efence fine, Villeroy &#038; Boch Vaudrevange, 1836"},"content":{"rendered":"<p>Belle assiette ancienne en fa\u00efence fine (23 cm de diam\u00e8tre) portant une d\u00e9coration florale, d\u00e9cor peint polychrome, ainsi que le texte \u00ab\u00a0Erlebe frohe Tage\u00a0\u00bb. Elle porte \u00e0 l\u2019arri\u00e8re le cachet \u00ab\u00a0Villeroy &amp; Boch\u00a0\u00bb, permettant de dater cette assiette de 1836, \u00e0 Vaudrevange . Le d\u00e9cor peint au pochoir ont pour la plupart \u00e9t\u00e9 produits au 19\u00e8 si\u00e8cle. Villeroy et Boch Vaudrevange en a produit au milieu du 19\u00e8 si\u00e8cle et de 1895 \u00e0 1912 environ.<\/p>\n<div>R\u00e9f 41.28<\/div>\n","protected":false},"excerpt":{"rendered":"<p>Belle assiette ancienne en fa\u00efence fine (23 cm de diam\u00e8tre) portant une d\u00e9coration florale, d\u00e9cor peint polychrome, ainsi que le texte \u00ab\u00a0Erlebe frohe Tage\u00a0\u00bb. Elle porte \u00e0 l\u2019arri\u00e8re le cachet \u00ab\u00a0Villeroy &amp; Boch\u00a0\u00bb, permettant de dater cette assiette de 1836, \u00e0 Vaudrevange . Le d\u00e9cor peint au pochoir ont pour la plupart \u00e9t\u00e9 produits au&hellip;&nbsp;<a href=\"https:\/\/legrenierdelatour.be\/brocante\/produit\/assiette-en-faience-fine-villeroy-boch-vaudrevange-1836\/\" class=\"\" rel=\"bookmark\">Lire la suite &raquo;<span class=\"screen-reader-text\">Assiette en fa\u00efence fine, Villeroy &#038; Boch Vaudrevange, 1836<\/span><\/a><\/p>\n","protected":false},"featured_media":10354,"comment_status":"open","ping_status":"closed","template":"","meta":{"neve_meta_sidebar":"","neve_meta_container":"","neve_meta_enable_content_width":"off","neve_meta_content_width":100,"neve_meta_title_alignment":"","neve_meta_author_avatar":"","neve_post_elements_order":"","neve_meta_disable_header":"","neve_meta_disable_footer":"","neve_meta_disable_title":""},"product_brand":[],"product_cat":[16,29],"product_tag":[],"class_list":{"0":"post-10356","1":"product","2":"type-product","3":"status-publish","4":"has-post-thumbnail","6":"product_cat-ceramique","7":"product_cat-villeroy-boch","9":"first","10":"instock","11":"shipping-taxable","12":"purchasable","13":"product-type-simple"},"_links":{"self":[{"href":"https:\/\/legrenierdelatour.be\/brocante\/wp-json\/wp\/v2\/product\/10356","targetHints":{"allow":["GET"]}}],"collection":[{"href":"https:\/\/legrenierdelatour.be\/brocante\/wp-json\/wp\/v2\/product"}],"about":[{"href":"https:\/\/legrenierdelatour.be\/brocante\/wp-json\/wp\/v2\/types\/product"}],"replies":[{"embeddable":true,"href":"https:\/\/legrenierdelatour.be\/brocante\/wp-json\/wp\/v2\/comments?post=10356"}],"wp:featuredmedia":[{"embeddable":true,"href":"https:\/\/legrenierdelatour.be\/brocante\/wp-json\/wp\/v2\/media\/10354"}],"wp:attachment":[{"href":"https:\/\/legrenierdelatour.be\/brocante\/wp-json\/wp\/v2\/media?parent=10356"}],"wp:term":[{"taxonomy":"product_brand","embeddable":true,"href":"https:\/\/legrenierdelatour.be\/brocante\/wp-json\/wp\/v2\/product_brand?post=10356"},{"taxonomy":"product_cat","embeddable":true,"href":"https:\/\/legrenierdelatour.be\/brocante\/wp-json\/wp\/v2\/product_cat?post=10356"},{"taxonomy":"product_tag","embeddable":true,"href":"https:\/\/legrenierdelatour.be\/brocante\/wp-json\/wp\/v2\/product_tag?post=10356"}],"curies":[{"name":"wp","href":"https:\/\/api.w.org\/{rel}","templated":true}]}}