{"id":10348,"date":"2025-05-03T13:56:09","date_gmt":"2025-05-03T11:56:09","guid":{"rendered":"https:\/\/legrenierdelatour.be\/brocante\/?post_type=product&#038;p=10348"},"modified":"2026-03-30T13:08:24","modified_gmt":"2026-03-30T11:08:24","slug":"cadre-goebel-hummel-134-les-chanteurs","status":"publish","type":"product","link":"https:\/\/legrenierdelatour.be\/brocante\/produit\/cadre-goebel-hummel-134-les-chanteurs\/","title":{"rendered":"Cadre Goebel Hummel, 134, Les chanteurs"},"content":{"rendered":"<p>Petit cadre en fa\u00efence (14,5&#215;16 cm) produit par Goebel. Il est sign\u00e9 \u00e0 l\u2019arri\u00e8re MJ Hummel avec le num\u00e9ro de forme 134. Il a \u00e9t\u00e9 sculpt\u00e9 par Arthur M\u00f6ller en 1939. La plaque est en parfait \u00e9tat. Il s\u2019agit ici sans doute de la pr\u00e9mi\u00e8re \u00e9dition.<\/p>\n<div>R\u00e9f 41.24<\/div>\n","protected":false},"excerpt":{"rendered":"<p>Petit cadre en fa\u00efence (14,5&#215;16 cm) produit par Goebel. Il est sign\u00e9 \u00e0 l\u2019arri\u00e8re MJ Hummel avec le num\u00e9ro de forme 134. Il a \u00e9t\u00e9 sculpt\u00e9 par Arthur M\u00f6ller en 1939. La plaque est en parfait \u00e9tat. Il s\u2019agit ici sans doute de la pr\u00e9mi\u00e8re \u00e9dition. R\u00e9f 41.24<\/p>\n","protected":false},"featured_media":10345,"comment_status":"open","ping_status":"closed","template":"","meta":{"neve_meta_sidebar":"","neve_meta_container":"","neve_meta_enable_content_width":"off","neve_meta_content_width":100,"neve_meta_title_alignment":"","neve_meta_author_avatar":"","neve_post_elements_order":"","neve_meta_disable_header":"","neve_meta_disable_footer":"","neve_meta_disable_title":""},"product_brand":[],"product_cat":[48,16,167],"product_tag":[],"class_list":{"0":"post-10348","1":"product","2":"type-product","3":"status-publish","4":"has-post-thumbnail","6":"product_cat-allemagne","7":"product_cat-ceramique","8":"product_cat-peintures-et-sculptures","10":"first","11":"instock","12":"shipping-taxable","13":"purchasable","14":"product-type-simple"},"_links":{"self":[{"href":"https:\/\/legrenierdelatour.be\/brocante\/wp-json\/wp\/v2\/product\/10348","targetHints":{"allow":["GET"]}}],"collection":[{"href":"https:\/\/legrenierdelatour.be\/brocante\/wp-json\/wp\/v2\/product"}],"about":[{"href":"https:\/\/legrenierdelatour.be\/brocante\/wp-json\/wp\/v2\/types\/product"}],"replies":[{"embeddable":true,"href":"https:\/\/legrenierdelatour.be\/brocante\/wp-json\/wp\/v2\/comments?post=10348"}],"wp:featuredmedia":[{"embeddable":true,"href":"https:\/\/legrenierdelatour.be\/brocante\/wp-json\/wp\/v2\/media\/10345"}],"wp:attachment":[{"href":"https:\/\/legrenierdelatour.be\/brocante\/wp-json\/wp\/v2\/media?parent=10348"}],"wp:term":[{"taxonomy":"product_brand","embeddable":true,"href":"https:\/\/legrenierdelatour.be\/brocante\/wp-json\/wp\/v2\/product_brand?post=10348"},{"taxonomy":"product_cat","embeddable":true,"href":"https:\/\/legrenierdelatour.be\/brocante\/wp-json\/wp\/v2\/product_cat?post=10348"},{"taxonomy":"product_tag","embeddable":true,"href":"https:\/\/legrenierdelatour.be\/brocante\/wp-json\/wp\/v2\/product_tag?post=10348"}],"curies":[{"name":"wp","href":"https:\/\/api.w.org\/{rel}","templated":true}]}}