{"id":10339,"date":"2025-05-03T13:31:25","date_gmt":"2025-05-03T11:31:25","guid":{"rendered":"https:\/\/legrenierdelatour.be\/brocante\/?post_type=product&#038;p=10339"},"modified":"2025-05-03T13:31:26","modified_gmt":"2025-05-03T11:31:26","slug":"flacon-maischen-1973-leon-nosbusch","status":"publish","type":"product","link":"https:\/\/legrenierdelatour.be\/brocante\/produit\/flacon-maischen-1973-leon-nosbusch\/","title":{"rendered":"Flacon Maischen 1973, L\u00e9on Nosbusch"},"content":{"rendered":"<p>Flacon en fa\u00efence (17 cm de haut avec couvercle) cr\u00e9\u00e9e \u00e0 l\u2019occasion de l\u2019Emaischen \u00e0 Luxembourg, par L\u00e9on Nosbusch (1897-1979) en 1974. Elle repr\u00e9sente un flacon avec bouchon. Elle est en parfait \u00e9tat et sign\u00e9e L N dessous.<\/p>\n<div>R\u00e9f 41.21<\/div>\n","protected":false},"excerpt":{"rendered":"<p>Flacon en fa\u00efence (17 cm de haut avec couvercle) cr\u00e9\u00e9e \u00e0 l\u2019occasion de l\u2019Emaischen \u00e0 Luxembourg, par L\u00e9on Nosbusch (1897-1979) en 1974. Elle repr\u00e9sente un flacon avec bouchon. Elle est en parfait \u00e9tat et sign\u00e9e L N dessous. R\u00e9f 41.21<\/p>\n","protected":false},"featured_media":10336,"comment_status":"open","ping_status":"closed","template":"","meta":{"neve_meta_sidebar":"","neve_meta_container":"","neve_meta_enable_content_width":"off","neve_meta_content_width":100,"neve_meta_title_alignment":"","neve_meta_author_avatar":"","neve_post_elements_order":"","neve_meta_disable_header":"","neve_meta_disable_footer":"","neve_meta_disable_title":""},"product_brand":[],"product_cat":[16,165,166,167],"product_tag":[],"class_list":{"0":"post-10339","1":"product","2":"type-product","3":"status-publish","4":"has-post-thumbnail","6":"product_cat-ceramique","7":"product_cat-luxembourg","8":"product_cat-luxemburgensia-luxemburgensia","9":"product_cat-peintures-et-sculptures","11":"first","12":"instock","13":"shipping-taxable","14":"purchasable","15":"product-type-simple"},"_links":{"self":[{"href":"https:\/\/legrenierdelatour.be\/brocante\/wp-json\/wp\/v2\/product\/10339","targetHints":{"allow":["GET"]}}],"collection":[{"href":"https:\/\/legrenierdelatour.be\/brocante\/wp-json\/wp\/v2\/product"}],"about":[{"href":"https:\/\/legrenierdelatour.be\/brocante\/wp-json\/wp\/v2\/types\/product"}],"replies":[{"embeddable":true,"href":"https:\/\/legrenierdelatour.be\/brocante\/wp-json\/wp\/v2\/comments?post=10339"}],"wp:featuredmedia":[{"embeddable":true,"href":"https:\/\/legrenierdelatour.be\/brocante\/wp-json\/wp\/v2\/media\/10336"}],"wp:attachment":[{"href":"https:\/\/legrenierdelatour.be\/brocante\/wp-json\/wp\/v2\/media?parent=10339"}],"wp:term":[{"taxonomy":"product_brand","embeddable":true,"href":"https:\/\/legrenierdelatour.be\/brocante\/wp-json\/wp\/v2\/product_brand?post=10339"},{"taxonomy":"product_cat","embeddable":true,"href":"https:\/\/legrenierdelatour.be\/brocante\/wp-json\/wp\/v2\/product_cat?post=10339"},{"taxonomy":"product_tag","embeddable":true,"href":"https:\/\/legrenierdelatour.be\/brocante\/wp-json\/wp\/v2\/product_tag?post=10339"}],"curies":[{"name":"wp","href":"https:\/\/api.w.org\/{rel}","templated":true}]}}