{"id":10326,"date":"2025-05-02T13:00:01","date_gmt":"2025-05-02T11:00:01","guid":{"rendered":"https:\/\/legrenierdelatour.be\/brocante\/?post_type=product&#038;p=10326"},"modified":"2025-05-02T13:00:01","modified_gmt":"2025-05-02T11:00:01","slug":"assiette-oiseau-villeroy-boch","status":"publish","type":"product","link":"https:\/\/legrenierdelatour.be\/brocante\/produit\/assiette-oiseau-villeroy-boch\/","title":{"rendered":"Assiette \u00ab\u00a0Oiseau\u00a0\u00bb, Villeroy &#038; Boch"},"content":{"rendered":"<p>Assiette (23 cm de diam\u00e8tre) avec une repr\u00e9sentation d\u2019oiseau. Cette assiette produite par Villeroy &amp; Boch a \u00e9t\u00e9 \u00e9dit\u00e9e par la Ligue luxembourgeoise de la scl\u00e9rose en plaque pour leurs 10 ans, et ce en 1990. La s\u00e9rie est limit\u00e9e et porte le num\u00e9ro 71. A l\u2019arri\u00e8re, la description de l\u2019oiseau est imprim\u00e9 en luxembourgeois.<\/p>\n<div>3 assiettes disponibles avec 3 oiseaux diff\u00e9rents. Elles sont vendues \u00e0 la pi\u00e8ce au prix de 20\u20ac.<\/div>\n<div>R\u00e9f 41.16<\/div>\n","protected":false},"excerpt":{"rendered":"<p>Assiette (23 cm de diam\u00e8tre) avec une repr\u00e9sentation d\u2019oiseau. Cette assiette produite par Villeroy &amp; Boch a \u00e9t\u00e9 \u00e9dit\u00e9e par la Ligue luxembourgeoise de la scl\u00e9rose en plaque pour leurs 10 ans, et ce en 1990. La s\u00e9rie est limit\u00e9e et porte le num\u00e9ro 71. A l\u2019arri\u00e8re, la description de l\u2019oiseau est imprim\u00e9 en luxembourgeois.&hellip;&nbsp;<a href=\"https:\/\/legrenierdelatour.be\/brocante\/produit\/assiette-oiseau-villeroy-boch\/\" class=\"\" rel=\"bookmark\">Lire la suite &raquo;<span class=\"screen-reader-text\">Assiette \u00ab\u00a0Oiseau\u00a0\u00bb, Villeroy &#038; Boch<\/span><\/a><\/p>\n","protected":false},"featured_media":10327,"comment_status":"open","ping_status":"closed","template":"","meta":{"neve_meta_sidebar":"","neve_meta_container":"","neve_meta_enable_content_width":"off","neve_meta_content_width":100,"neve_meta_title_alignment":"","neve_meta_author_avatar":"","neve_post_elements_order":"","neve_meta_disable_header":"","neve_meta_disable_footer":"","neve_meta_disable_title":""},"product_brand":[],"product_cat":[16,165,29],"product_tag":[],"class_list":{"0":"post-10326","1":"product","2":"type-product","3":"status-publish","4":"has-post-thumbnail","6":"product_cat-ceramique","7":"product_cat-luxembourg","8":"product_cat-villeroy-boch","10":"first","11":"instock","12":"shipping-taxable","13":"purchasable","14":"product-type-simple"},"_links":{"self":[{"href":"https:\/\/legrenierdelatour.be\/brocante\/wp-json\/wp\/v2\/product\/10326","targetHints":{"allow":["GET"]}}],"collection":[{"href":"https:\/\/legrenierdelatour.be\/brocante\/wp-json\/wp\/v2\/product"}],"about":[{"href":"https:\/\/legrenierdelatour.be\/brocante\/wp-json\/wp\/v2\/types\/product"}],"replies":[{"embeddable":true,"href":"https:\/\/legrenierdelatour.be\/brocante\/wp-json\/wp\/v2\/comments?post=10326"}],"wp:featuredmedia":[{"embeddable":true,"href":"https:\/\/legrenierdelatour.be\/brocante\/wp-json\/wp\/v2\/media\/10327"}],"wp:attachment":[{"href":"https:\/\/legrenierdelatour.be\/brocante\/wp-json\/wp\/v2\/media?parent=10326"}],"wp:term":[{"taxonomy":"product_brand","embeddable":true,"href":"https:\/\/legrenierdelatour.be\/brocante\/wp-json\/wp\/v2\/product_brand?post=10326"},{"taxonomy":"product_cat","embeddable":true,"href":"https:\/\/legrenierdelatour.be\/brocante\/wp-json\/wp\/v2\/product_cat?post=10326"},{"taxonomy":"product_tag","embeddable":true,"href":"https:\/\/legrenierdelatour.be\/brocante\/wp-json\/wp\/v2\/product_tag?post=10326"}],"curies":[{"name":"wp","href":"https:\/\/api.w.org\/{rel}","templated":true}]}}