{"id":10319,"date":"2025-04-30T17:03:20","date_gmt":"2025-04-30T15:03:20","guid":{"rendered":"https:\/\/legrenierdelatour.be\/brocante\/?post_type=product&#038;p=10319"},"modified":"2025-04-30T17:16:02","modified_gmt":"2025-04-30T15:16:02","slug":"assiette-carree-emaux-de-longwy-saint-donat-arlon","status":"publish","type":"product","link":"https:\/\/legrenierdelatour.be\/brocante\/produit\/assiette-carree-emaux-de-longwy-saint-donat-arlon\/","title":{"rendered":"Assiette carr\u00e9e, Emaux de Longwy, Saint Donat Arlon"},"content":{"rendered":"<p>Grande assiette carr\u00e9e \u00a0(25 cm de c\u00f4t\u00e9) en fa\u00efence , r\u00e9alis\u00e9e en Emaux de Longwy (inscription \u00e0 l\u2019arri\u00e8re). Elle porte une repr\u00e9sentation de Saint Donat. Elle est en parfait \u00e9tat.<\/p>\n<div>R\u00e9f 41.11<\/div>\n","protected":false},"excerpt":{"rendered":"<p>Grande assiette carr\u00e9e \u00a0(25 cm de c\u00f4t\u00e9) en fa\u00efence , r\u00e9alis\u00e9e en Emaux de Longwy (inscription \u00e0 l\u2019arri\u00e8re). Elle porte une repr\u00e9sentation de Saint Donat. Elle est en parfait \u00e9tat. R\u00e9f 41.11<\/p>\n","protected":false},"featured_media":10308,"comment_status":"open","ping_status":"closed","template":"","meta":{"neve_meta_sidebar":"","neve_meta_container":"","neve_meta_enable_content_width":"off","neve_meta_content_width":100,"neve_meta_title_alignment":"","neve_meta_author_avatar":"","neve_post_elements_order":"","neve_meta_disable_header":"","neve_meta_disable_footer":"","neve_meta_disable_title":""},"product_brand":[],"product_cat":[16,59,66,31],"product_tag":[],"class_list":{"0":"post-10319","1":"product","2":"type-product","3":"status-publish","4":"has-post-thumbnail","6":"product_cat-ceramique","7":"product_cat-france","8":"product_cat-longwy","9":"product_cat-pays-darlon","11":"first","12":"instock","13":"shipping-taxable","14":"purchasable","15":"product-type-simple"},"_links":{"self":[{"href":"https:\/\/legrenierdelatour.be\/brocante\/wp-json\/wp\/v2\/product\/10319","targetHints":{"allow":["GET"]}}],"collection":[{"href":"https:\/\/legrenierdelatour.be\/brocante\/wp-json\/wp\/v2\/product"}],"about":[{"href":"https:\/\/legrenierdelatour.be\/brocante\/wp-json\/wp\/v2\/types\/product"}],"replies":[{"embeddable":true,"href":"https:\/\/legrenierdelatour.be\/brocante\/wp-json\/wp\/v2\/comments?post=10319"}],"wp:featuredmedia":[{"embeddable":true,"href":"https:\/\/legrenierdelatour.be\/brocante\/wp-json\/wp\/v2\/media\/10308"}],"wp:attachment":[{"href":"https:\/\/legrenierdelatour.be\/brocante\/wp-json\/wp\/v2\/media?parent=10319"}],"wp:term":[{"taxonomy":"product_brand","embeddable":true,"href":"https:\/\/legrenierdelatour.be\/brocante\/wp-json\/wp\/v2\/product_brand?post=10319"},{"taxonomy":"product_cat","embeddable":true,"href":"https:\/\/legrenierdelatour.be\/brocante\/wp-json\/wp\/v2\/product_cat?post=10319"},{"taxonomy":"product_tag","embeddable":true,"href":"https:\/\/legrenierdelatour.be\/brocante\/wp-json\/wp\/v2\/product_tag?post=10319"}],"curies":[{"name":"wp","href":"https:\/\/api.w.org\/{rel}","templated":true}]}}