{"id":10307,"date":"2025-04-30T16:52:34","date_gmt":"2025-04-30T14:52:34","guid":{"rendered":"https:\/\/legrenierdelatour.be\/brocante\/?post_type=product&#038;p=10307"},"modified":"2025-04-30T17:28:12","modified_gmt":"2025-04-30T15:28:12","slug":"assiette-a-dessert-scarlett-villeroy-boch-christine-reuter","status":"publish","type":"product","link":"https:\/\/legrenierdelatour.be\/brocante\/produit\/assiette-a-dessert-scarlett-villeroy-boch-christine-reuter\/","title":{"rendered":"Assiette \u00e0 dessert, Scarlett, Villeroy &#038; Boch, Christine Reuter"},"content":{"rendered":"<div>Assiette \u00e0 dessert (19 cm de diam\u00e8tre) de la manufacture Villeroy et Boch, de la collection Scarlette dessin\u00e9e par Christine Reter en 1967.<\/div>\n<div><span style=\"color: #000000; font-size: medium;\">Quatre exemplaires disponibles vendus \u00e0 la pi\u00e8ce au prix de 6\u20ac pi\u00e8ce.<\/span><\/div>\n<div><span style=\"color: #000000; font-size: medium;\">R\u00e9f 41.09<\/span><\/div>\n","protected":false},"excerpt":{"rendered":"<p>Assiette \u00e0 dessert (19 cm de diam\u00e8tre) de la manufacture Villeroy et Boch, de la collection Scarlette dessin\u00e9e par Christine Reter en 1967. Quatre exemplaires disponibles vendus \u00e0 la pi\u00e8ce au prix de 6\u20ac pi\u00e8ce. R\u00e9f 41.09<\/p>\n","protected":false},"featured_media":10316,"comment_status":"open","ping_status":"closed","template":"","meta":{"neve_meta_sidebar":"","neve_meta_container":"","neve_meta_enable_content_width":"off","neve_meta_content_width":100,"neve_meta_title_alignment":"","neve_meta_author_avatar":"","neve_post_elements_order":"","neve_meta_disable_header":"","neve_meta_disable_footer":"","neve_meta_disable_title":""},"product_brand":[],"product_cat":[16,29],"product_tag":[],"class_list":{"0":"post-10307","1":"product","2":"type-product","3":"status-publish","4":"has-post-thumbnail","6":"product_cat-ceramique","7":"product_cat-villeroy-boch","9":"first","10":"instock","11":"shipping-taxable","12":"purchasable","13":"product-type-simple"},"_links":{"self":[{"href":"https:\/\/legrenierdelatour.be\/brocante\/wp-json\/wp\/v2\/product\/10307","targetHints":{"allow":["GET"]}}],"collection":[{"href":"https:\/\/legrenierdelatour.be\/brocante\/wp-json\/wp\/v2\/product"}],"about":[{"href":"https:\/\/legrenierdelatour.be\/brocante\/wp-json\/wp\/v2\/types\/product"}],"replies":[{"embeddable":true,"href":"https:\/\/legrenierdelatour.be\/brocante\/wp-json\/wp\/v2\/comments?post=10307"}],"wp:featuredmedia":[{"embeddable":true,"href":"https:\/\/legrenierdelatour.be\/brocante\/wp-json\/wp\/v2\/media\/10316"}],"wp:attachment":[{"href":"https:\/\/legrenierdelatour.be\/brocante\/wp-json\/wp\/v2\/media?parent=10307"}],"wp:term":[{"taxonomy":"product_brand","embeddable":true,"href":"https:\/\/legrenierdelatour.be\/brocante\/wp-json\/wp\/v2\/product_brand?post=10307"},{"taxonomy":"product_cat","embeddable":true,"href":"https:\/\/legrenierdelatour.be\/brocante\/wp-json\/wp\/v2\/product_cat?post=10307"},{"taxonomy":"product_tag","embeddable":true,"href":"https:\/\/legrenierdelatour.be\/brocante\/wp-json\/wp\/v2\/product_tag?post=10307"}],"curies":[{"name":"wp","href":"https:\/\/api.w.org\/{rel}","templated":true}]}}