{"id":10305,"date":"2025-04-29T20:06:51","date_gmt":"2025-04-29T18:06:51","guid":{"rendered":"https:\/\/legrenierdelatour.be\/brocante\/?post_type=product&#038;p=10305"},"modified":"2025-04-29T20:06:51","modified_gmt":"2025-04-29T18:06:51","slug":"aquarelle-paysage-norbert-huss-2","status":"publish","type":"product","link":"https:\/\/legrenierdelatour.be\/brocante\/produit\/aquarelle-paysage-norbert-huss-2\/","title":{"rendered":"Aquarelle Paysage, Norbert Huss"},"content":{"rendered":"<p>Belle aquarelle (33&#215;27 cm cadre compris) repr\u00e9senant une vue du Luxembourg, sign\u00e9e en bas \u00e0 gauche et dat\u00e9e 1985. Norbert Huss est un artiste n\u00e9 \u00e0 Echternach en 1941. Autodidacte, coiffeur de profession, il r\u00e9alise des peintures figuratives et des paysages en aquarelle. Huss aime \u00e0 retracer l\u2019atmosph\u00e8re des paysages autour des lacs, des compositions adroites, a\u00e9r\u00e9es et po\u00e9tiques. Il a particip\u00e9 \u00e0 de nombreuses expositions personnelles et collectives au Grand-Duch\u00e9 de Luxembourg.<\/p>\n<div>R\u00e9f.41.07<\/div>\n","protected":false},"excerpt":{"rendered":"<p>Belle aquarelle (33&#215;27 cm cadre compris) repr\u00e9senant une vue du Luxembourg, sign\u00e9e en bas \u00e0 gauche et dat\u00e9e 1985. Norbert Huss est un artiste n\u00e9 \u00e0 Echternach en 1941. Autodidacte, coiffeur de profession, il r\u00e9alise des peintures figuratives et des paysages en aquarelle. Huss aime \u00e0 retracer l\u2019atmosph\u00e8re des paysages autour des lacs, des compositions&hellip;&nbsp;<a href=\"https:\/\/legrenierdelatour.be\/brocante\/produit\/aquarelle-paysage-norbert-huss-2\/\" class=\"\" rel=\"bookmark\">Lire la suite &raquo;<span class=\"screen-reader-text\">Aquarelle Paysage, Norbert Huss<\/span><\/a><\/p>\n","protected":false},"featured_media":10299,"comment_status":"open","ping_status":"closed","template":"","meta":{"neve_meta_sidebar":"","neve_meta_container":"","neve_meta_enable_content_width":"off","neve_meta_content_width":100,"neve_meta_title_alignment":"","neve_meta_author_avatar":"","neve_post_elements_order":"","neve_meta_disable_header":"","neve_meta_disable_footer":"","neve_meta_disable_title":""},"product_brand":[],"product_cat":[166,167],"product_tag":[],"class_list":{"0":"post-10305","1":"product","2":"type-product","3":"status-publish","4":"has-post-thumbnail","6":"product_cat-luxemburgensia-luxemburgensia","7":"product_cat-peintures-et-sculptures","9":"first","10":"instock","11":"shipping-taxable","12":"purchasable","13":"product-type-simple"},"_links":{"self":[{"href":"https:\/\/legrenierdelatour.be\/brocante\/wp-json\/wp\/v2\/product\/10305","targetHints":{"allow":["GET"]}}],"collection":[{"href":"https:\/\/legrenierdelatour.be\/brocante\/wp-json\/wp\/v2\/product"}],"about":[{"href":"https:\/\/legrenierdelatour.be\/brocante\/wp-json\/wp\/v2\/types\/product"}],"replies":[{"embeddable":true,"href":"https:\/\/legrenierdelatour.be\/brocante\/wp-json\/wp\/v2\/comments?post=10305"}],"wp:featuredmedia":[{"embeddable":true,"href":"https:\/\/legrenierdelatour.be\/brocante\/wp-json\/wp\/v2\/media\/10299"}],"wp:attachment":[{"href":"https:\/\/legrenierdelatour.be\/brocante\/wp-json\/wp\/v2\/media?parent=10305"}],"wp:term":[{"taxonomy":"product_brand","embeddable":true,"href":"https:\/\/legrenierdelatour.be\/brocante\/wp-json\/wp\/v2\/product_brand?post=10305"},{"taxonomy":"product_cat","embeddable":true,"href":"https:\/\/legrenierdelatour.be\/brocante\/wp-json\/wp\/v2\/product_cat?post=10305"},{"taxonomy":"product_tag","embeddable":true,"href":"https:\/\/legrenierdelatour.be\/brocante\/wp-json\/wp\/v2\/product_tag?post=10305"}],"curies":[{"name":"wp","href":"https:\/\/api.w.org\/{rel}","templated":true}]}}