{"id":10291,"date":"2025-04-29T15:35:37","date_gmt":"2025-04-29T13:35:37","guid":{"rendered":"https:\/\/legrenierdelatour.be\/brocante\/?post_type=product&#038;p=10291"},"modified":"2025-04-29T15:35:37","modified_gmt":"2025-04-29T13:35:37","slug":"aquarelle-mauricette-juan","status":"publish","type":"product","link":"https:\/\/legrenierdelatour.be\/brocante\/produit\/aquarelle-mauricette-juan\/","title":{"rendered":"Aquarelle Mauricette Juan"},"content":{"rendered":"<p>Aquarelle (41&#215;31 cadre compris) illustrant de fa\u00e7on sugg\u00e9r\u00e9e des personnages en mouvement. Elle est sign\u00e9e M. Juan en bas \u00e0 gauche et dat\u00e9e de 1999 (?). Elle est \u00e9galement contre sign\u00e9e \u00e0 l\u2019arri\u00e8re \u00ab Mauricette Juan Gabriela M\u00f4\u00a0\u00bb. Mauricette Juan (Alsace 1957-2022), danseuse et artiste, a d\u00e9velopp\u00e9 une oeuvre s\u2019exprimant par le dessin, la peinture, la sculpture et la c\u00e9ramique. Elle \u00e9tait famili\u00e8re des grandes sc\u00e8nes et des galeries de l\u2019espace rh\u00e9nan.<\/p>\n<div>R\u00e9f 41.05<\/div>\n","protected":false},"excerpt":{"rendered":"<p>Aquarelle (41&#215;31 cadre compris) illustrant de fa\u00e7on sugg\u00e9r\u00e9e des personnages en mouvement. Elle est sign\u00e9e M. Juan en bas \u00e0 gauche et dat\u00e9e de 1999 (?). Elle est \u00e9galement contre sign\u00e9e \u00e0 l\u2019arri\u00e8re \u00ab Mauricette Juan Gabriela M\u00f4\u00a0\u00bb. Mauricette Juan (Alsace 1957-2022), danseuse et artiste, a d\u00e9velopp\u00e9 une oeuvre s\u2019exprimant par le dessin, la peinture,&hellip;&nbsp;<a href=\"https:\/\/legrenierdelatour.be\/brocante\/produit\/aquarelle-mauricette-juan\/\" class=\"\" rel=\"bookmark\">Lire la suite &raquo;<span class=\"screen-reader-text\">Aquarelle Mauricette Juan<\/span><\/a><\/p>\n","protected":false},"featured_media":10292,"comment_status":"open","ping_status":"closed","template":"","meta":{"neve_meta_sidebar":"","neve_meta_container":"","neve_meta_enable_content_width":"off","neve_meta_content_width":100,"neve_meta_title_alignment":"","neve_meta_author_avatar":"","neve_post_elements_order":"","neve_meta_disable_header":"","neve_meta_disable_footer":"","neve_meta_disable_title":""},"product_brand":[],"product_cat":[167],"product_tag":[],"class_list":{"0":"post-10291","1":"product","2":"type-product","3":"status-publish","4":"has-post-thumbnail","6":"product_cat-peintures-et-sculptures","8":"first","9":"instock","10":"shipping-taxable","11":"purchasable","12":"product-type-simple"},"_links":{"self":[{"href":"https:\/\/legrenierdelatour.be\/brocante\/wp-json\/wp\/v2\/product\/10291","targetHints":{"allow":["GET"]}}],"collection":[{"href":"https:\/\/legrenierdelatour.be\/brocante\/wp-json\/wp\/v2\/product"}],"about":[{"href":"https:\/\/legrenierdelatour.be\/brocante\/wp-json\/wp\/v2\/types\/product"}],"replies":[{"embeddable":true,"href":"https:\/\/legrenierdelatour.be\/brocante\/wp-json\/wp\/v2\/comments?post=10291"}],"wp:featuredmedia":[{"embeddable":true,"href":"https:\/\/legrenierdelatour.be\/brocante\/wp-json\/wp\/v2\/media\/10292"}],"wp:attachment":[{"href":"https:\/\/legrenierdelatour.be\/brocante\/wp-json\/wp\/v2\/media?parent=10291"}],"wp:term":[{"taxonomy":"product_brand","embeddable":true,"href":"https:\/\/legrenierdelatour.be\/brocante\/wp-json\/wp\/v2\/product_brand?post=10291"},{"taxonomy":"product_cat","embeddable":true,"href":"https:\/\/legrenierdelatour.be\/brocante\/wp-json\/wp\/v2\/product_cat?post=10291"},{"taxonomy":"product_tag","embeddable":true,"href":"https:\/\/legrenierdelatour.be\/brocante\/wp-json\/wp\/v2\/product_tag?post=10291"}],"curies":[{"name":"wp","href":"https:\/\/api.w.org\/{rel}","templated":true}]}}