{"id":10288,"date":"2025-04-29T15:23:18","date_gmt":"2025-04-29T13:23:18","guid":{"rendered":"https:\/\/legrenierdelatour.be\/brocante\/?post_type=product&#038;p=10288"},"modified":"2025-04-29T15:23:18","modified_gmt":"2025-04-29T13:23:18","slug":"bonbonniere-villeroy-boch-american-sampler","status":"publish","type":"product","link":"https:\/\/legrenierdelatour.be\/brocante\/produit\/bonbonniere-villeroy-boch-american-sampler\/","title":{"rendered":"Bonbonni\u00e8re Villeroy &#038; Boch, American Sampler"},"content":{"rendered":"<p>Bonbonni\u00e8re (11 cm de diam\u00e8tre) produite par la faiencerie Villeroy &amp; Boch. Elle est de la collection American Sampler. L\u2019impression est une petite sc\u00e8ne comme brod\u00e9e tr\u00e8s finement. Cette s\u00e9rie a \u00e9t\u00e9 \u00e9dit\u00e9e en 1981. Elle est dans un \u00e9tat quasi neuf.<\/p>\n<div>R\u00e9f 41.04<\/div>\n","protected":false},"excerpt":{"rendered":"<p>Bonbonni\u00e8re (11 cm de diam\u00e8tre) produite par la faiencerie Villeroy &amp; Boch. Elle est de la collection American Sampler. L\u2019impression est une petite sc\u00e8ne comme brod\u00e9e tr\u00e8s finement. Cette s\u00e9rie a \u00e9t\u00e9 \u00e9dit\u00e9e en 1981. Elle est dans un \u00e9tat quasi neuf. R\u00e9f 41.04<\/p>\n","protected":false},"featured_media":10289,"comment_status":"open","ping_status":"closed","template":"","meta":{"neve_meta_sidebar":"","neve_meta_container":"","neve_meta_enable_content_width":"off","neve_meta_content_width":100,"neve_meta_title_alignment":"","neve_meta_author_avatar":"","neve_post_elements_order":"","neve_meta_disable_header":"","neve_meta_disable_footer":"","neve_meta_disable_title":""},"product_brand":[],"product_cat":[16,165,29],"product_tag":[],"class_list":{"0":"post-10288","1":"product","2":"type-product","3":"status-publish","4":"has-post-thumbnail","6":"product_cat-ceramique","7":"product_cat-luxembourg","8":"product_cat-villeroy-boch","10":"first","11":"instock","12":"shipping-taxable","13":"purchasable","14":"product-type-simple"},"_links":{"self":[{"href":"https:\/\/legrenierdelatour.be\/brocante\/wp-json\/wp\/v2\/product\/10288","targetHints":{"allow":["GET"]}}],"collection":[{"href":"https:\/\/legrenierdelatour.be\/brocante\/wp-json\/wp\/v2\/product"}],"about":[{"href":"https:\/\/legrenierdelatour.be\/brocante\/wp-json\/wp\/v2\/types\/product"}],"replies":[{"embeddable":true,"href":"https:\/\/legrenierdelatour.be\/brocante\/wp-json\/wp\/v2\/comments?post=10288"}],"wp:featuredmedia":[{"embeddable":true,"href":"https:\/\/legrenierdelatour.be\/brocante\/wp-json\/wp\/v2\/media\/10289"}],"wp:attachment":[{"href":"https:\/\/legrenierdelatour.be\/brocante\/wp-json\/wp\/v2\/media?parent=10288"}],"wp:term":[{"taxonomy":"product_brand","embeddable":true,"href":"https:\/\/legrenierdelatour.be\/brocante\/wp-json\/wp\/v2\/product_brand?post=10288"},{"taxonomy":"product_cat","embeddable":true,"href":"https:\/\/legrenierdelatour.be\/brocante\/wp-json\/wp\/v2\/product_cat?post=10288"},{"taxonomy":"product_tag","embeddable":true,"href":"https:\/\/legrenierdelatour.be\/brocante\/wp-json\/wp\/v2\/product_tag?post=10288"}],"curies":[{"name":"wp","href":"https:\/\/api.w.org\/{rel}","templated":true}]}}