{"id":10285,"date":"2025-04-29T15:12:30","date_gmt":"2025-04-29T13:12:30","guid":{"rendered":"https:\/\/legrenierdelatour.be\/brocante\/?post_type=product&#038;p=10285"},"modified":"2025-05-25T09:25:06","modified_gmt":"2025-05-25T07:25:06","slug":"presentoirs-publicitaires-boch-la-louviere","status":"publish","type":"product","link":"https:\/\/legrenierdelatour.be\/brocante\/produit\/presentoirs-publicitaires-boch-la-louviere\/","title":{"rendered":"Pr\u00e9sentoirs publicitaires Boch la Louvi\u00e8re"},"content":{"rendered":"<p>Pr\u00e9sentoirs publicitaires (12&#215;7,5 cm) des manufacture Boch La louvi\u00e8re. Ces pr\u00e9sentoirs \u00e9taient destin\u00e9s aux magasins revendeurs, afin de pr\u00e9senter les vaisselles mentionn\u00e9es.<\/p>\n<div>Quatre pr\u00e9sentoirs diff\u00e9rents au prix de 25\u20ac pi\u00e8ce. Celui portant la repr\u00e9sentation de capucines n&rsquo;est plus disponible.<\/div>\n<div>R\u00e9f 41.03<\/div>\n","protected":false},"excerpt":{"rendered":"<p>Pr\u00e9sentoirs publicitaires (12&#215;7,5 cm) des manufacture Boch La louvi\u00e8re. Ces pr\u00e9sentoirs \u00e9taient destin\u00e9s aux magasins revendeurs, afin de pr\u00e9senter les vaisselles mentionn\u00e9es. Quatre pr\u00e9sentoirs diff\u00e9rents au prix de 25\u20ac pi\u00e8ce. Celui portant la repr\u00e9sentation de capucines n&rsquo;est plus disponible. R\u00e9f 41.03<\/p>\n","protected":false},"featured_media":10286,"comment_status":"open","ping_status":"closed","template":"","meta":{"neve_meta_sidebar":"","neve_meta_container":"","neve_meta_enable_content_width":"off","neve_meta_content_width":100,"neve_meta_title_alignment":"","neve_meta_author_avatar":"","neve_post_elements_order":"","neve_meta_disable_header":"","neve_meta_disable_footer":"","neve_meta_disable_title":""},"product_brand":[],"product_cat":[37,175,16,173],"product_tag":[],"class_list":{"0":"post-10285","1":"product","2":"type-product","3":"status-publish","4":"has-post-thumbnail","6":"product_cat-belgique","7":"product_cat-boch","8":"product_cat-ceramique","9":"product_cat-objets-de-publicite","11":"first","12":"instock","13":"shipping-taxable","14":"purchasable","15":"product-type-simple"},"_links":{"self":[{"href":"https:\/\/legrenierdelatour.be\/brocante\/wp-json\/wp\/v2\/product\/10285","targetHints":{"allow":["GET"]}}],"collection":[{"href":"https:\/\/legrenierdelatour.be\/brocante\/wp-json\/wp\/v2\/product"}],"about":[{"href":"https:\/\/legrenierdelatour.be\/brocante\/wp-json\/wp\/v2\/types\/product"}],"replies":[{"embeddable":true,"href":"https:\/\/legrenierdelatour.be\/brocante\/wp-json\/wp\/v2\/comments?post=10285"}],"wp:featuredmedia":[{"embeddable":true,"href":"https:\/\/legrenierdelatour.be\/brocante\/wp-json\/wp\/v2\/media\/10286"}],"wp:attachment":[{"href":"https:\/\/legrenierdelatour.be\/brocante\/wp-json\/wp\/v2\/media?parent=10285"}],"wp:term":[{"taxonomy":"product_brand","embeddable":true,"href":"https:\/\/legrenierdelatour.be\/brocante\/wp-json\/wp\/v2\/product_brand?post=10285"},{"taxonomy":"product_cat","embeddable":true,"href":"https:\/\/legrenierdelatour.be\/brocante\/wp-json\/wp\/v2\/product_cat?post=10285"},{"taxonomy":"product_tag","embeddable":true,"href":"https:\/\/legrenierdelatour.be\/brocante\/wp-json\/wp\/v2\/product_tag?post=10285"}],"curies":[{"name":"wp","href":"https:\/\/api.w.org\/{rel}","templated":true}]}}