{"id":10273,"date":"2025-04-29T14:39:36","date_gmt":"2025-04-29T12:39:36","guid":{"rendered":"https:\/\/legrenierdelatour.be\/brocante\/?post_type=product&#038;p=10273"},"modified":"2025-04-29T14:39:36","modified_gmt":"2025-04-29T12:39:36","slug":"sous-verres-papillons-vintage","status":"publish","type":"product","link":"https:\/\/legrenierdelatour.be\/brocante\/produit\/sous-verres-papillons-vintage\/","title":{"rendered":"Sous-verres \u00ab\u00a0papillons\u00a0\u00bb vintage"},"content":{"rendered":"<p>Ensemble de 6 sous-verres en osier et verre (9 cm de diam\u00e8tre), emprisonnant de vrais papillons (6 diff\u00e9rents). Un des sous-verres est un peu ab\u00eem\u00e9. Ils datent sans doute des ann\u00e9es 1950.<\/p>\n<div>40.99<\/div>\n","protected":false},"excerpt":{"rendered":"<p>Ensemble de 6 sous-verres en osier et verre (9 cm de diam\u00e8tre), emprisonnant de vrais papillons (6 diff\u00e9rents). Un des sous-verres est un peu ab\u00eem\u00e9. Ils datent sans doute des ann\u00e9es 1950. 40.99<\/p>\n","protected":false},"featured_media":10274,"comment_status":"open","ping_status":"closed","template":"","meta":{"neve_meta_sidebar":"","neve_meta_container":"","neve_meta_enable_content_width":"off","neve_meta_content_width":100,"neve_meta_title_alignment":"","neve_meta_author_avatar":"","neve_post_elements_order":"","neve_meta_disable_header":"","neve_meta_disable_footer":"","neve_meta_disable_title":""},"product_brand":[],"product_cat":[15],"product_tag":[],"class_list":{"0":"post-10273","1":"product","2":"type-product","3":"status-publish","4":"has-post-thumbnail","6":"product_cat-non-classe","8":"first","9":"instock","10":"shipping-taxable","11":"purchasable","12":"product-type-simple"},"_links":{"self":[{"href":"https:\/\/legrenierdelatour.be\/brocante\/wp-json\/wp\/v2\/product\/10273","targetHints":{"allow":["GET"]}}],"collection":[{"href":"https:\/\/legrenierdelatour.be\/brocante\/wp-json\/wp\/v2\/product"}],"about":[{"href":"https:\/\/legrenierdelatour.be\/brocante\/wp-json\/wp\/v2\/types\/product"}],"replies":[{"embeddable":true,"href":"https:\/\/legrenierdelatour.be\/brocante\/wp-json\/wp\/v2\/comments?post=10273"}],"wp:featuredmedia":[{"embeddable":true,"href":"https:\/\/legrenierdelatour.be\/brocante\/wp-json\/wp\/v2\/media\/10274"}],"wp:attachment":[{"href":"https:\/\/legrenierdelatour.be\/brocante\/wp-json\/wp\/v2\/media?parent=10273"}],"wp:term":[{"taxonomy":"product_brand","embeddable":true,"href":"https:\/\/legrenierdelatour.be\/brocante\/wp-json\/wp\/v2\/product_brand?post=10273"},{"taxonomy":"product_cat","embeddable":true,"href":"https:\/\/legrenierdelatour.be\/brocante\/wp-json\/wp\/v2\/product_cat?post=10273"},{"taxonomy":"product_tag","embeddable":true,"href":"https:\/\/legrenierdelatour.be\/brocante\/wp-json\/wp\/v2\/product_tag?post=10273"}],"curies":[{"name":"wp","href":"https:\/\/api.w.org\/{rel}","templated":true}]}}