{"id":10270,"date":"2025-04-29T14:35:46","date_gmt":"2025-04-29T12:35:46","guid":{"rendered":"https:\/\/legrenierdelatour.be\/brocante\/?post_type=product&#038;p=10270"},"modified":"2025-04-29T14:35:46","modified_gmt":"2025-04-29T12:35:46","slug":"vase-opaline-dempoli-vetreria-barbieri","status":"publish","type":"product","link":"https:\/\/legrenierdelatour.be\/brocante\/produit\/vase-opaline-dempoli-vetreria-barbieri\/","title":{"rendered":"Vase opaline d&rsquo;Empoli, Vetreria Barbieri"},"content":{"rendered":"<p>Beau vase en verre opaline (24 cm de haut), provenant sans doute de la r\u00e9gion d\u2019Empoli pr\u00e8s de Florence en Italie, par la verrerie Vetreria Barbieri, dans les ann\u00e9es 1970. Ce vase est en parfait \u00e9tat.<\/p>\n<div>R\u00e9f 40.98<\/div>\n","protected":false},"excerpt":{"rendered":"<p>Beau vase en verre opaline (24 cm de haut), provenant sans doute de la r\u00e9gion d\u2019Empoli pr\u00e8s de Florence en Italie, par la verrerie Vetreria Barbieri, dans les ann\u00e9es 1970. Ce vase est en parfait \u00e9tat. R\u00e9f 40.98<\/p>\n","protected":false},"featured_media":10271,"comment_status":"open","ping_status":"closed","template":"","meta":{"neve_meta_sidebar":"","neve_meta_container":"","neve_meta_enable_content_width":"off","neve_meta_content_width":100,"neve_meta_title_alignment":"","neve_meta_author_avatar":"","neve_post_elements_order":"","neve_meta_disable_header":"","neve_meta_disable_footer":"","neve_meta_disable_title":""},"product_brand":[],"product_cat":[22],"product_tag":[],"class_list":{"0":"post-10270","1":"product","2":"type-product","3":"status-publish","4":"has-post-thumbnail","6":"product_cat-verrerie","8":"first","9":"instock","10":"shipping-taxable","11":"purchasable","12":"product-type-simple"},"_links":{"self":[{"href":"https:\/\/legrenierdelatour.be\/brocante\/wp-json\/wp\/v2\/product\/10270","targetHints":{"allow":["GET"]}}],"collection":[{"href":"https:\/\/legrenierdelatour.be\/brocante\/wp-json\/wp\/v2\/product"}],"about":[{"href":"https:\/\/legrenierdelatour.be\/brocante\/wp-json\/wp\/v2\/types\/product"}],"replies":[{"embeddable":true,"href":"https:\/\/legrenierdelatour.be\/brocante\/wp-json\/wp\/v2\/comments?post=10270"}],"wp:featuredmedia":[{"embeddable":true,"href":"https:\/\/legrenierdelatour.be\/brocante\/wp-json\/wp\/v2\/media\/10271"}],"wp:attachment":[{"href":"https:\/\/legrenierdelatour.be\/brocante\/wp-json\/wp\/v2\/media?parent=10270"}],"wp:term":[{"taxonomy":"product_brand","embeddable":true,"href":"https:\/\/legrenierdelatour.be\/brocante\/wp-json\/wp\/v2\/product_brand?post=10270"},{"taxonomy":"product_cat","embeddable":true,"href":"https:\/\/legrenierdelatour.be\/brocante\/wp-json\/wp\/v2\/product_cat?post=10270"},{"taxonomy":"product_tag","embeddable":true,"href":"https:\/\/legrenierdelatour.be\/brocante\/wp-json\/wp\/v2\/product_tag?post=10270"}],"curies":[{"name":"wp","href":"https:\/\/api.w.org\/{rel}","templated":true}]}}