{"id":10263,"date":"2025-04-21T18:18:48","date_gmt":"2025-04-21T16:18:48","guid":{"rendered":"https:\/\/legrenierdelatour.be\/brocante\/?post_type=product&#038;p=10263"},"modified":"2025-04-24T18:09:26","modified_gmt":"2025-04-24T16:09:26","slug":"ceramique-emaillee-vierge-de-cordemoy","status":"publish","type":"product","link":"https:\/\/legrenierdelatour.be\/brocante\/produit\/ceramique-emaillee-vierge-de-cordemoy\/","title":{"rendered":"C\u00e9ramique \u00e9maill\u00e9e \u00ab\u00a0Vierge de Cordemoy\u00a0\u00bb"},"content":{"rendered":"<p>Plaque en terre cuite (13&#215;24 cm) repr\u00e9sentant une Vierge en \u00e9mail. La plaque est sign\u00e9e \u00ab\u00a0TH\u00a0\u00bb au revers et porte l\u2019inscription en creux \u00ab\u00a0d\u2019ap\u00e8s la Vierge du Salue de Cordemoy\u00a0\u00bb. Elle porte \u00e9galement l\u2019\u00e9tiquette de l\u2019Abbaye de Cordemoy. Cette plaque est en tr\u00e8s bon \u00e9tat.<\/p>\n<div>R\u00e9f 40.94<\/div>\n","protected":false},"excerpt":{"rendered":"<p>Plaque en terre cuite (13&#215;24 cm) repr\u00e9sentant une Vierge en \u00e9mail. La plaque est sign\u00e9e \u00ab\u00a0TH\u00a0\u00bb au revers et porte l\u2019inscription en creux \u00ab\u00a0d\u2019ap\u00e8s la Vierge du Salue de Cordemoy\u00a0\u00bb. Elle porte \u00e9galement l\u2019\u00e9tiquette de l\u2019Abbaye de Cordemoy. Cette plaque est en tr\u00e8s bon \u00e9tat. R\u00e9f 40.94<\/p>\n","protected":false},"featured_media":10256,"comment_status":"open","ping_status":"closed","template":"","meta":{"neve_meta_sidebar":"","neve_meta_container":"","neve_meta_enable_content_width":"off","neve_meta_content_width":100,"neve_meta_title_alignment":"","neve_meta_author_avatar":"","neve_post_elements_order":"","neve_meta_disable_header":"","neve_meta_disable_footer":"","neve_meta_disable_title":""},"product_brand":[],"product_cat":[16,31,167,34],"product_tag":[],"class_list":{"0":"post-10263","1":"product","2":"type-product","3":"status-publish","4":"has-post-thumbnail","6":"product_cat-ceramique","7":"product_cat-pays-darlon","8":"product_cat-peintures-et-sculptures","9":"product_cat-religiosa","11":"first","12":"instock","13":"shipping-taxable","14":"purchasable","15":"product-type-simple"},"_links":{"self":[{"href":"https:\/\/legrenierdelatour.be\/brocante\/wp-json\/wp\/v2\/product\/10263","targetHints":{"allow":["GET"]}}],"collection":[{"href":"https:\/\/legrenierdelatour.be\/brocante\/wp-json\/wp\/v2\/product"}],"about":[{"href":"https:\/\/legrenierdelatour.be\/brocante\/wp-json\/wp\/v2\/types\/product"}],"replies":[{"embeddable":true,"href":"https:\/\/legrenierdelatour.be\/brocante\/wp-json\/wp\/v2\/comments?post=10263"}],"wp:featuredmedia":[{"embeddable":true,"href":"https:\/\/legrenierdelatour.be\/brocante\/wp-json\/wp\/v2\/media\/10256"}],"wp:attachment":[{"href":"https:\/\/legrenierdelatour.be\/brocante\/wp-json\/wp\/v2\/media?parent=10263"}],"wp:term":[{"taxonomy":"product_brand","embeddable":true,"href":"https:\/\/legrenierdelatour.be\/brocante\/wp-json\/wp\/v2\/product_brand?post=10263"},{"taxonomy":"product_cat","embeddable":true,"href":"https:\/\/legrenierdelatour.be\/brocante\/wp-json\/wp\/v2\/product_cat?post=10263"},{"taxonomy":"product_tag","embeddable":true,"href":"https:\/\/legrenierdelatour.be\/brocante\/wp-json\/wp\/v2\/product_tag?post=10263"}],"curies":[{"name":"wp","href":"https:\/\/api.w.org\/{rel}","templated":true}]}}