{"id":10255,"date":"2025-04-21T17:42:41","date_gmt":"2025-04-21T15:42:41","guid":{"rendered":"https:\/\/legrenierdelatour.be\/brocante\/?post_type=product&#038;p=10255"},"modified":"2025-04-21T17:42:41","modified_gmt":"2025-04-21T15:42:41","slug":"saliere-et-poivrier-vintage","status":"publish","type":"product","link":"https:\/\/legrenierdelatour.be\/brocante\/produit\/saliere-et-poivrier-vintage\/","title":{"rendered":"Sali\u00e8re et poivrier vintage"},"content":{"rendered":"<p>Sali\u00e8re et poivrier (6,5 cm de haut) en plastique, vintage portant un dessin stylis\u00e9. L&rsquo;ensemble date sans doute des ann\u00e9es 1970.<\/p>\n<div>R\u00e9f 40.93<\/div>\n","protected":false},"excerpt":{"rendered":"<p>Sali\u00e8re et poivrier (6,5 cm de haut) en plastique, vintage portant un dessin stylis\u00e9. L&rsquo;ensemble date sans doute des ann\u00e9es 1970. R\u00e9f 40.93<\/p>\n","protected":false},"featured_media":10261,"comment_status":"open","ping_status":"closed","template":"","meta":{"neve_meta_sidebar":"","neve_meta_container":"","neve_meta_enable_content_width":"off","neve_meta_content_width":100,"neve_meta_title_alignment":"","neve_meta_author_avatar":"","neve_post_elements_order":"","neve_meta_disable_header":"","neve_meta_disable_footer":"","neve_meta_disable_title":""},"product_brand":[],"product_cat":[172],"product_tag":[],"class_list":{"0":"post-10255","1":"product","2":"type-product","3":"status-publish","4":"has-post-thumbnail","6":"product_cat-en-cuisine","8":"first","9":"instock","10":"shipping-taxable","11":"purchasable","12":"product-type-simple"},"_links":{"self":[{"href":"https:\/\/legrenierdelatour.be\/brocante\/wp-json\/wp\/v2\/product\/10255","targetHints":{"allow":["GET"]}}],"collection":[{"href":"https:\/\/legrenierdelatour.be\/brocante\/wp-json\/wp\/v2\/product"}],"about":[{"href":"https:\/\/legrenierdelatour.be\/brocante\/wp-json\/wp\/v2\/types\/product"}],"replies":[{"embeddable":true,"href":"https:\/\/legrenierdelatour.be\/brocante\/wp-json\/wp\/v2\/comments?post=10255"}],"wp:featuredmedia":[{"embeddable":true,"href":"https:\/\/legrenierdelatour.be\/brocante\/wp-json\/wp\/v2\/media\/10261"}],"wp:attachment":[{"href":"https:\/\/legrenierdelatour.be\/brocante\/wp-json\/wp\/v2\/media?parent=10255"}],"wp:term":[{"taxonomy":"product_brand","embeddable":true,"href":"https:\/\/legrenierdelatour.be\/brocante\/wp-json\/wp\/v2\/product_brand?post=10255"},{"taxonomy":"product_cat","embeddable":true,"href":"https:\/\/legrenierdelatour.be\/brocante\/wp-json\/wp\/v2\/product_cat?post=10255"},{"taxonomy":"product_tag","embeddable":true,"href":"https:\/\/legrenierdelatour.be\/brocante\/wp-json\/wp\/v2\/product_tag?post=10255"}],"curies":[{"name":"wp","href":"https:\/\/api.w.org\/{rel}","templated":true}]}}