{"id":10248,"date":"2025-04-21T17:28:42","date_gmt":"2025-04-21T15:28:42","guid":{"rendered":"https:\/\/legrenierdelatour.be\/brocante\/?post_type=product&#038;p=10248"},"modified":"2025-04-21T17:29:37","modified_gmt":"2025-04-21T15:29:37","slug":"globe-de-lampe-en-opaline-peinte","status":"publish","type":"product","link":"https:\/\/legrenierdelatour.be\/brocante\/produit\/globe-de-lampe-en-opaline-peinte\/","title":{"rendered":"Globe de lampe en opaline peinte"},"content":{"rendered":"<p>Joli globe de lampe suspension (23 cm de diam\u00e8tre) en opaline peinte, dans les tons oranges, verts et bleu, repr\u00e9sentant un paysage d&rsquo;hiver avec chalet. En parfait \u00e9tat, il date probablement des ann\u00e9es 1950-60.<\/p>\n<div>R\u00e9f 40.90<\/div>\n","protected":false},"excerpt":{"rendered":"<p>Joli globe de lampe suspension (23 cm de diam\u00e8tre) en opaline peinte, dans les tons oranges, verts et bleu, repr\u00e9sentant un paysage d&rsquo;hiver avec chalet. En parfait \u00e9tat, il date probablement des ann\u00e9es 1950-60. R\u00e9f 40.90<\/p>\n","protected":false},"featured_media":10250,"comment_status":"open","ping_status":"closed","template":"","meta":{"neve_meta_sidebar":"","neve_meta_container":"","neve_meta_enable_content_width":"off","neve_meta_content_width":100,"neve_meta_title_alignment":"","neve_meta_author_avatar":"","neve_post_elements_order":"","neve_meta_disable_header":"","neve_meta_disable_footer":"","neve_meta_disable_title":""},"product_brand":[],"product_cat":[24,22],"product_tag":[],"class_list":{"0":"post-10248","1":"product","2":"type-product","3":"status-publish","4":"has-post-thumbnail","6":"product_cat-luminaires","7":"product_cat-verrerie","9":"first","10":"instock","11":"shipping-taxable","12":"purchasable","13":"product-type-simple"},"_links":{"self":[{"href":"https:\/\/legrenierdelatour.be\/brocante\/wp-json\/wp\/v2\/product\/10248","targetHints":{"allow":["GET"]}}],"collection":[{"href":"https:\/\/legrenierdelatour.be\/brocante\/wp-json\/wp\/v2\/product"}],"about":[{"href":"https:\/\/legrenierdelatour.be\/brocante\/wp-json\/wp\/v2\/types\/product"}],"replies":[{"embeddable":true,"href":"https:\/\/legrenierdelatour.be\/brocante\/wp-json\/wp\/v2\/comments?post=10248"}],"wp:featuredmedia":[{"embeddable":true,"href":"https:\/\/legrenierdelatour.be\/brocante\/wp-json\/wp\/v2\/media\/10250"}],"wp:attachment":[{"href":"https:\/\/legrenierdelatour.be\/brocante\/wp-json\/wp\/v2\/media?parent=10248"}],"wp:term":[{"taxonomy":"product_brand","embeddable":true,"href":"https:\/\/legrenierdelatour.be\/brocante\/wp-json\/wp\/v2\/product_brand?post=10248"},{"taxonomy":"product_cat","embeddable":true,"href":"https:\/\/legrenierdelatour.be\/brocante\/wp-json\/wp\/v2\/product_cat?post=10248"},{"taxonomy":"product_tag","embeddable":true,"href":"https:\/\/legrenierdelatour.be\/brocante\/wp-json\/wp\/v2\/product_tag?post=10248"}],"curies":[{"name":"wp","href":"https:\/\/api.w.org\/{rel}","templated":true}]}}