{"id":10221,"date":"2025-04-10T19:05:25","date_gmt":"2025-04-10T17:05:25","guid":{"rendered":"https:\/\/legrenierdelatour.be\/brocante\/?post_type=product&#038;p=10221"},"modified":"2025-04-10T19:05:25","modified_gmt":"2025-04-10T17:05:25","slug":"assiette-boch-freres-ronda-1850-70","status":"publish","type":"product","link":"https:\/\/legrenierdelatour.be\/brocante\/produit\/assiette-boch-freres-ronda-1850-70\/","title":{"rendered":"Assiette Boch fr\u00e8res, Ronda, 1850-70"},"content":{"rendered":"<p>Assiette (23,5 cm de diam\u00e8tre) en fa\u00efence fine, issue de la manufature Boch Fr\u00e8res La Louvi\u00e8re. Elle porte le d\u00e9cor \u00ab\u00a0Ronda\u00a0\u00bb au pochoir et la marque en bleu datant des ann\u00e9es 1850-1870. Elle porte \u00e9galement en creux \u00ab Boch Fr\u00e8res Keramis 3\u00a0\u00bb.<\/p>\n<div>R\u00e9f 40.77<\/div>\n","protected":false},"excerpt":{"rendered":"<p>Assiette (23,5 cm de diam\u00e8tre) en fa\u00efence fine, issue de la manufature Boch Fr\u00e8res La Louvi\u00e8re. Elle porte le d\u00e9cor \u00ab\u00a0Ronda\u00a0\u00bb au pochoir et la marque en bleu datant des ann\u00e9es 1850-1870. Elle porte \u00e9galement en creux \u00ab Boch Fr\u00e8res Keramis 3\u00a0\u00bb. R\u00e9f 40.77<\/p>\n","protected":false},"featured_media":10211,"comment_status":"open","ping_status":"closed","template":"","meta":{"neve_meta_sidebar":"","neve_meta_container":"","neve_meta_enable_content_width":"off","neve_meta_content_width":100,"neve_meta_title_alignment":"","neve_meta_author_avatar":"","neve_post_elements_order":"","neve_meta_disable_header":"","neve_meta_disable_footer":"","neve_meta_disable_title":""},"product_brand":[],"product_cat":[37,175,16],"product_tag":[],"class_list":{"0":"post-10221","1":"product","2":"type-product","3":"status-publish","4":"has-post-thumbnail","6":"product_cat-belgique","7":"product_cat-boch","8":"product_cat-ceramique","10":"first","11":"instock","12":"shipping-taxable","13":"purchasable","14":"product-type-simple"},"_links":{"self":[{"href":"https:\/\/legrenierdelatour.be\/brocante\/wp-json\/wp\/v2\/product\/10221","targetHints":{"allow":["GET"]}}],"collection":[{"href":"https:\/\/legrenierdelatour.be\/brocante\/wp-json\/wp\/v2\/product"}],"about":[{"href":"https:\/\/legrenierdelatour.be\/brocante\/wp-json\/wp\/v2\/types\/product"}],"replies":[{"embeddable":true,"href":"https:\/\/legrenierdelatour.be\/brocante\/wp-json\/wp\/v2\/comments?post=10221"}],"wp:featuredmedia":[{"embeddable":true,"href":"https:\/\/legrenierdelatour.be\/brocante\/wp-json\/wp\/v2\/media\/10211"}],"wp:attachment":[{"href":"https:\/\/legrenierdelatour.be\/brocante\/wp-json\/wp\/v2\/media?parent=10221"}],"wp:term":[{"taxonomy":"product_brand","embeddable":true,"href":"https:\/\/legrenierdelatour.be\/brocante\/wp-json\/wp\/v2\/product_brand?post=10221"},{"taxonomy":"product_cat","embeddable":true,"href":"https:\/\/legrenierdelatour.be\/brocante\/wp-json\/wp\/v2\/product_cat?post=10221"},{"taxonomy":"product_tag","embeddable":true,"href":"https:\/\/legrenierdelatour.be\/brocante\/wp-json\/wp\/v2\/product_tag?post=10221"}],"curies":[{"name":"wp","href":"https:\/\/api.w.org\/{rel}","templated":true}]}}