{"id":10219,"date":"2025-04-09T19:32:09","date_gmt":"2025-04-09T17:32:09","guid":{"rendered":"https:\/\/legrenierdelatour.be\/brocante\/?post_type=product&#038;p=10219"},"modified":"2025-04-09T19:32:10","modified_gmt":"2025-04-09T17:32:10","slug":"vase-thulin-221","status":"publish","type":"product","link":"https:\/\/legrenierdelatour.be\/brocante\/produit\/vase-thulin-221\/","title":{"rendered":"Vase Thulin 221"},"content":{"rendered":"<p>Beau vase (24 cm de haut) provenant de la fa\u00efencerie de Thulin\u00a0(1887-1973). Il date sans doute des ann\u00e9es 1930 et est en parfait \u00e9tat. Il porte la mention Belgium et le num\u00e9ro de forme est 221. Il est en parfait \u00e9tat.<\/p>\n<div>R\u00e9f 40.75<\/div>\n","protected":false},"excerpt":{"rendered":"<p>Beau vase (24 cm de haut) provenant de la fa\u00efencerie de Thulin\u00a0(1887-1973). Il date sans doute des ann\u00e9es 1930 et est en parfait \u00e9tat. Il porte la mention Belgium et le num\u00e9ro de forme est 221. Il est en parfait \u00e9tat. R\u00e9f 40.75<\/p>\n","protected":false},"featured_media":10208,"comment_status":"open","ping_status":"closed","template":"","meta":{"neve_meta_sidebar":"","neve_meta_container":"","neve_meta_enable_content_width":"off","neve_meta_content_width":100,"neve_meta_title_alignment":"","neve_meta_author_avatar":"","neve_post_elements_order":"","neve_meta_disable_header":"","neve_meta_disable_footer":"","neve_meta_disable_title":""},"product_brand":[],"product_cat":[37,16,177],"product_tag":[],"class_list":{"0":"post-10219","1":"product","2":"type-product","3":"status-publish","4":"has-post-thumbnail","6":"product_cat-belgique","7":"product_cat-ceramique","8":"product_cat-thulin","10":"first","11":"instock","12":"shipping-taxable","13":"purchasable","14":"product-type-simple"},"_links":{"self":[{"href":"https:\/\/legrenierdelatour.be\/brocante\/wp-json\/wp\/v2\/product\/10219","targetHints":{"allow":["GET"]}}],"collection":[{"href":"https:\/\/legrenierdelatour.be\/brocante\/wp-json\/wp\/v2\/product"}],"about":[{"href":"https:\/\/legrenierdelatour.be\/brocante\/wp-json\/wp\/v2\/types\/product"}],"replies":[{"embeddable":true,"href":"https:\/\/legrenierdelatour.be\/brocante\/wp-json\/wp\/v2\/comments?post=10219"}],"wp:featuredmedia":[{"embeddable":true,"href":"https:\/\/legrenierdelatour.be\/brocante\/wp-json\/wp\/v2\/media\/10208"}],"wp:attachment":[{"href":"https:\/\/legrenierdelatour.be\/brocante\/wp-json\/wp\/v2\/media?parent=10219"}],"wp:term":[{"taxonomy":"product_brand","embeddable":true,"href":"https:\/\/legrenierdelatour.be\/brocante\/wp-json\/wp\/v2\/product_brand?post=10219"},{"taxonomy":"product_cat","embeddable":true,"href":"https:\/\/legrenierdelatour.be\/brocante\/wp-json\/wp\/v2\/product_cat?post=10219"},{"taxonomy":"product_tag","embeddable":true,"href":"https:\/\/legrenierdelatour.be\/brocante\/wp-json\/wp\/v2\/product_tag?post=10219"}],"curies":[{"name":"wp","href":"https:\/\/api.w.org\/{rel}","templated":true}]}}