{"id":10217,"date":"2025-04-09T18:28:15","date_gmt":"2025-04-09T16:28:15","guid":{"rendered":"https:\/\/legrenierdelatour.be\/brocante\/?post_type=product&#038;p=10217"},"modified":"2026-01-24T13:29:54","modified_gmt":"2026-01-24T12:29:54","slug":"vase-val-saint-lambert","status":"publish","type":"product","link":"https:\/\/legrenierdelatour.be\/brocante\/produit\/vase-val-saint-lambert\/","title":{"rendered":"Vase Val Saint Lambert"},"content":{"rendered":"<p>Vase Val Saint Lambert (15 cm de haut), taill\u00e9, datant sans doute des ann\u00e9es 1950-60. Il ets en parfait \u00e9tat et est sign\u00e9 dessous par gravure.<\/p>\n<div>R\u00e9f 40.73<\/div>\n","protected":false},"excerpt":{"rendered":"<p>Vase Val Saint Lambert (15 cm de haut), taill\u00e9, datant sans doute des ann\u00e9es 1950-60. Il ets en parfait \u00e9tat et est sign\u00e9 dessous par gravure. R\u00e9f 40.73<\/p>\n","protected":false},"featured_media":10204,"comment_status":"open","ping_status":"closed","template":"","meta":{"neve_meta_sidebar":"","neve_meta_container":"","neve_meta_enable_content_width":"off","neve_meta_content_width":100,"neve_meta_title_alignment":"","neve_meta_author_avatar":"","neve_post_elements_order":"","neve_meta_disable_header":"","neve_meta_disable_footer":"","neve_meta_disable_title":""},"product_brand":[],"product_cat":[63,22],"product_tag":[],"class_list":{"0":"post-10217","1":"product","2":"type-product","3":"status-publish","4":"has-post-thumbnail","6":"product_cat-val-saint-lambert","7":"product_cat-verrerie","9":"first","10":"outofstock","11":"shipping-taxable","12":"purchasable","13":"product-type-simple"},"_links":{"self":[{"href":"https:\/\/legrenierdelatour.be\/brocante\/wp-json\/wp\/v2\/product\/10217","targetHints":{"allow":["GET"]}}],"collection":[{"href":"https:\/\/legrenierdelatour.be\/brocante\/wp-json\/wp\/v2\/product"}],"about":[{"href":"https:\/\/legrenierdelatour.be\/brocante\/wp-json\/wp\/v2\/types\/product"}],"replies":[{"embeddable":true,"href":"https:\/\/legrenierdelatour.be\/brocante\/wp-json\/wp\/v2\/comments?post=10217"}],"wp:featuredmedia":[{"embeddable":true,"href":"https:\/\/legrenierdelatour.be\/brocante\/wp-json\/wp\/v2\/media\/10204"}],"wp:attachment":[{"href":"https:\/\/legrenierdelatour.be\/brocante\/wp-json\/wp\/v2\/media?parent=10217"}],"wp:term":[{"taxonomy":"product_brand","embeddable":true,"href":"https:\/\/legrenierdelatour.be\/brocante\/wp-json\/wp\/v2\/product_brand?post=10217"},{"taxonomy":"product_cat","embeddable":true,"href":"https:\/\/legrenierdelatour.be\/brocante\/wp-json\/wp\/v2\/product_cat?post=10217"},{"taxonomy":"product_tag","embeddable":true,"href":"https:\/\/legrenierdelatour.be\/brocante\/wp-json\/wp\/v2\/product_tag?post=10217"}],"curies":[{"name":"wp","href":"https:\/\/api.w.org\/{rel}","templated":true}]}}