{"id":10198,"date":"2025-04-09T17:38:34","date_gmt":"2025-04-09T15:38:34","guid":{"rendered":"https:\/\/legrenierdelatour.be\/brocante\/?post_type=product&#038;p=10198"},"modified":"2025-04-09T17:38:34","modified_gmt":"2025-04-09T15:38:34","slug":"verre-athenee-royale-arlon-1837-1987","status":"publish","type":"product","link":"https:\/\/legrenierdelatour.be\/brocante\/produit\/verre-athenee-royale-arlon-1837-1987\/","title":{"rendered":"Verre \u00ab\u00a0Ath\u00e9n\u00e9e Royale Arlon\u00a0\u00bb 1837-1987"},"content":{"rendered":"<p>Verre de d\u00e9gustation Durobor, portant un \u00e9cusson en \u00e9tainavec une repr\u00e9sentation du \u00ab\u00a0Magister\u00a0\u00bb et la mention \u00ab\u00a0Ath\u00e9n\u00e9e Royal Arlon\u00a0\u00bb \u00ab\u00a01837-1987\u00a0\u00bb . Ce verre a \u00e9t\u00e9 \u00e9dit\u00e9 pour les 150 ans de l\u2019Ath\u00e9n\u00e9e Royale d\u2019Arlon.<\/p>\n<div>6 exemplaires disponibles.<\/div>\n<div>R\u00e9f 40.70<\/div>\n","protected":false},"excerpt":{"rendered":"<p>Verre de d\u00e9gustation Durobor, portant un \u00e9cusson en \u00e9tainavec une repr\u00e9sentation du \u00ab\u00a0Magister\u00a0\u00bb et la mention \u00ab\u00a0Ath\u00e9n\u00e9e Royal Arlon\u00a0\u00bb \u00ab\u00a01837-1987\u00a0\u00bb . Ce verre a \u00e9t\u00e9 \u00e9dit\u00e9 pour les 150 ans de l\u2019Ath\u00e9n\u00e9e Royale d\u2019Arlon. 6 exemplaires disponibles. R\u00e9f 40.70<\/p>\n","protected":false},"featured_media":10199,"comment_status":"open","ping_status":"closed","template":"","meta":{"neve_meta_sidebar":"","neve_meta_container":"","neve_meta_enable_content_width":"off","neve_meta_content_width":100,"neve_meta_title_alignment":"","neve_meta_author_avatar":"","neve_post_elements_order":"","neve_meta_disable_header":"","neve_meta_disable_footer":"","neve_meta_disable_title":""},"product_brand":[],"product_cat":[173,31,22],"product_tag":[],"class_list":{"0":"post-10198","1":"product","2":"type-product","3":"status-publish","4":"has-post-thumbnail","6":"product_cat-objets-de-publicite","7":"product_cat-pays-darlon","8":"product_cat-verrerie","10":"first","11":"instock","12":"shipping-taxable","13":"purchasable","14":"product-type-simple"},"_links":{"self":[{"href":"https:\/\/legrenierdelatour.be\/brocante\/wp-json\/wp\/v2\/product\/10198","targetHints":{"allow":["GET"]}}],"collection":[{"href":"https:\/\/legrenierdelatour.be\/brocante\/wp-json\/wp\/v2\/product"}],"about":[{"href":"https:\/\/legrenierdelatour.be\/brocante\/wp-json\/wp\/v2\/types\/product"}],"replies":[{"embeddable":true,"href":"https:\/\/legrenierdelatour.be\/brocante\/wp-json\/wp\/v2\/comments?post=10198"}],"wp:featuredmedia":[{"embeddable":true,"href":"https:\/\/legrenierdelatour.be\/brocante\/wp-json\/wp\/v2\/media\/10199"}],"wp:attachment":[{"href":"https:\/\/legrenierdelatour.be\/brocante\/wp-json\/wp\/v2\/media?parent=10198"}],"wp:term":[{"taxonomy":"product_brand","embeddable":true,"href":"https:\/\/legrenierdelatour.be\/brocante\/wp-json\/wp\/v2\/product_brand?post=10198"},{"taxonomy":"product_cat","embeddable":true,"href":"https:\/\/legrenierdelatour.be\/brocante\/wp-json\/wp\/v2\/product_cat?post=10198"},{"taxonomy":"product_tag","embeddable":true,"href":"https:\/\/legrenierdelatour.be\/brocante\/wp-json\/wp\/v2\/product_tag?post=10198"}],"curies":[{"name":"wp","href":"https:\/\/api.w.org\/{rel}","templated":true}]}}