{"id":10184,"date":"2025-04-08T18:02:06","date_gmt":"2025-04-08T16:02:06","guid":{"rendered":"https:\/\/legrenierdelatour.be\/brocante\/?post_type=product&#038;p=10184"},"modified":"2025-10-17T13:00:50","modified_gmt":"2025-10-17T11:00:50","slug":"service-a-diner-boch-la-louviere-rhodia","status":"publish","type":"product","link":"https:\/\/legrenierdelatour.be\/brocante\/produit\/service-a-diner-boch-la-louviere-rhodia\/","title":{"rendered":"Service \u00e0 d\u00eener Boch La Louvi\u00e8re Rhodia"},"content":{"rendered":"<p>Ensemble de porcelaine Boch La Louvi\u00e8re, collection Rhodia, datant des ann\u00e9es 1930-40. L\u2019ensemble se compose d\u2019un petit l\u00e9gumier, d\u2019une sauci\u00e8re, un plat de service oval et un plat de service rond, 6 assiettes \u00e0 soupe, 6 assiettes plates, et 6 assiettes \u00e0 dessert. Les diff\u00e9rents \u00e9l\u00e9ments sont vendus \u00e0 la pi\u00e8ce avec des prix variant de 5\u20ac \u00e0 30\u20ac.<\/p>\n<div>R\u00e9f 40.64<\/div>\n","protected":false},"excerpt":{"rendered":"<p>Ensemble de porcelaine Boch La Louvi\u00e8re, collection Rhodia, datant des ann\u00e9es 1930-40. L\u2019ensemble se compose d\u2019un petit l\u00e9gumier, d\u2019une sauci\u00e8re, un plat de service oval et un plat de service rond, 6 assiettes \u00e0 soupe, 6 assiettes plates, et 6 assiettes \u00e0 dessert. Les diff\u00e9rents \u00e9l\u00e9ments sont vendus \u00e0 la pi\u00e8ce avec des prix variant&hellip;&nbsp;<a href=\"https:\/\/legrenierdelatour.be\/brocante\/produit\/service-a-diner-boch-la-louviere-rhodia\/\" class=\"\" rel=\"bookmark\">Lire la suite &raquo;<span class=\"screen-reader-text\">Service \u00e0 d\u00eener Boch La Louvi\u00e8re Rhodia<\/span><\/a><\/p>\n","protected":false},"featured_media":10185,"comment_status":"open","ping_status":"closed","template":"","meta":{"neve_meta_sidebar":"","neve_meta_container":"","neve_meta_enable_content_width":"off","neve_meta_content_width":100,"neve_meta_title_alignment":"","neve_meta_author_avatar":"","neve_post_elements_order":"","neve_meta_disable_header":"","neve_meta_disable_footer":"","neve_meta_disable_title":""},"product_brand":[],"product_cat":[175,172,16],"product_tag":[],"class_list":{"0":"post-10184","1":"product","2":"type-product","3":"status-publish","4":"has-post-thumbnail","6":"product_cat-boch","7":"product_cat-en-cuisine","8":"product_cat-ceramique","10":"first","11":"instock","12":"shipping-taxable","13":"purchasable","14":"product-type-simple"},"_links":{"self":[{"href":"https:\/\/legrenierdelatour.be\/brocante\/wp-json\/wp\/v2\/product\/10184","targetHints":{"allow":["GET"]}}],"collection":[{"href":"https:\/\/legrenierdelatour.be\/brocante\/wp-json\/wp\/v2\/product"}],"about":[{"href":"https:\/\/legrenierdelatour.be\/brocante\/wp-json\/wp\/v2\/types\/product"}],"replies":[{"embeddable":true,"href":"https:\/\/legrenierdelatour.be\/brocante\/wp-json\/wp\/v2\/comments?post=10184"}],"wp:featuredmedia":[{"embeddable":true,"href":"https:\/\/legrenierdelatour.be\/brocante\/wp-json\/wp\/v2\/media\/10185"}],"wp:attachment":[{"href":"https:\/\/legrenierdelatour.be\/brocante\/wp-json\/wp\/v2\/media?parent=10184"}],"wp:term":[{"taxonomy":"product_brand","embeddable":true,"href":"https:\/\/legrenierdelatour.be\/brocante\/wp-json\/wp\/v2\/product_brand?post=10184"},{"taxonomy":"product_cat","embeddable":true,"href":"https:\/\/legrenierdelatour.be\/brocante\/wp-json\/wp\/v2\/product_cat?post=10184"},{"taxonomy":"product_tag","embeddable":true,"href":"https:\/\/legrenierdelatour.be\/brocante\/wp-json\/wp\/v2\/product_tag?post=10184"}],"curies":[{"name":"wp","href":"https:\/\/api.w.org\/{rel}","templated":true}]}}