{"id":10177,"date":"2025-04-07T16:00:39","date_gmt":"2025-04-07T14:00:39","guid":{"rendered":"https:\/\/legrenierdelatour.be\/brocante\/?post_type=product&#038;p=10177"},"modified":"2025-04-07T16:00:39","modified_gmt":"2025-04-07T14:00:39","slug":"cigares-geants-le-tour-du-monde-roi-baudoin-et-reine-fabiola","status":"publish","type":"product","link":"https:\/\/legrenierdelatour.be\/brocante\/produit\/cigares-geants-le-tour-du-monde-roi-baudoin-et-reine-fabiola\/","title":{"rendered":"Cigares g\u00e9ants \u00ab\u00a0Le Tour du Monde\u00a0\u00bb, Roi Baudoin et Reine Fabiola"},"content":{"rendered":"<p>Cigares g\u00e9ants dans leur bo\u00eete (33 cm de long) , portant les bagues du roi Baudoin et de la reine Fabiola. Ces cigares ont \u00e9t\u00e9 achet\u00e9 \u00e0 l\u2019\u00e9poque dans un magasin de Li\u00e8ge en souvenir. Ils datent sans doute des ann\u00e9es 1970.<\/p>\n<p>Ils sont vendus au prix de 25\u20ac pi\u00e8ce.<\/p>\n<div>R\u00e9f 40.60<\/div>\n","protected":false},"excerpt":{"rendered":"<p>Cigares g\u00e9ants dans leur bo\u00eete (33 cm de long) , portant les bagues du roi Baudoin et de la reine Fabiola. Ces cigares ont \u00e9t\u00e9 achet\u00e9 \u00e0 l\u2019\u00e9poque dans un magasin de Li\u00e8ge en souvenir. Ils datent sans doute des ann\u00e9es 1970. Ils sont vendus au prix de 25\u20ac pi\u00e8ce. R\u00e9f 40.60<\/p>\n","protected":false},"featured_media":10174,"comment_status":"open","ping_status":"closed","template":"","meta":{"neve_meta_sidebar":"","neve_meta_container":"","neve_meta_enable_content_width":"off","neve_meta_content_width":100,"neve_meta_title_alignment":"","neve_meta_author_avatar":"","neve_post_elements_order":"","neve_meta_disable_header":"","neve_meta_disable_footer":"","neve_meta_disable_title":""},"product_brand":[],"product_cat":[183],"product_tag":[],"class_list":{"0":"post-10177","1":"product","2":"type-product","3":"status-publish","4":"has-post-thumbnail","6":"product_cat-bureau-et-fumoir","8":"first","9":"instock","10":"shipping-taxable","11":"purchasable","12":"product-type-simple"},"_links":{"self":[{"href":"https:\/\/legrenierdelatour.be\/brocante\/wp-json\/wp\/v2\/product\/10177","targetHints":{"allow":["GET"]}}],"collection":[{"href":"https:\/\/legrenierdelatour.be\/brocante\/wp-json\/wp\/v2\/product"}],"about":[{"href":"https:\/\/legrenierdelatour.be\/brocante\/wp-json\/wp\/v2\/types\/product"}],"replies":[{"embeddable":true,"href":"https:\/\/legrenierdelatour.be\/brocante\/wp-json\/wp\/v2\/comments?post=10177"}],"wp:featuredmedia":[{"embeddable":true,"href":"https:\/\/legrenierdelatour.be\/brocante\/wp-json\/wp\/v2\/media\/10174"}],"wp:attachment":[{"href":"https:\/\/legrenierdelatour.be\/brocante\/wp-json\/wp\/v2\/media?parent=10177"}],"wp:term":[{"taxonomy":"product_brand","embeddable":true,"href":"https:\/\/legrenierdelatour.be\/brocante\/wp-json\/wp\/v2\/product_brand?post=10177"},{"taxonomy":"product_cat","embeddable":true,"href":"https:\/\/legrenierdelatour.be\/brocante\/wp-json\/wp\/v2\/product_cat?post=10177"},{"taxonomy":"product_tag","embeddable":true,"href":"https:\/\/legrenierdelatour.be\/brocante\/wp-json\/wp\/v2\/product_tag?post=10177"}],"curies":[{"name":"wp","href":"https:\/\/api.w.org\/{rel}","templated":true}]}}