{"id":10167,"date":"2025-04-07T15:16:50","date_gmt":"2025-04-07T13:16:50","guid":{"rendered":"https:\/\/legrenierdelatour.be\/brocante\/?post_type=product&#038;p=10167"},"modified":"2025-06-02T14:40:27","modified_gmt":"2025-06-02T12:40:27","slug":"assiettes-en-arcopal-fruits","status":"publish","type":"product","link":"https:\/\/legrenierdelatour.be\/brocante\/produit\/assiettes-en-arcopal-fruits\/","title":{"rendered":"Assiettes en Arcopal, \u00ab\u00a0Fruits\u00a0\u00bb"},"content":{"rendered":"<p>4 assiettes plates (23 cm de diam\u00e8tres), 6 assiettes creuses (21 cm de diam\u00e8tre), en Arcopal avec motifs de fruits, produite en France dans les ann\u00e9es 1970-80.<\/p>\n<div>\n<p>Elles sont vendues s\u00e9par\u00e9ment au prix de 4\u20ac pi\u00e8ce.<\/p>\n<div>R\u00e9f 40.56<\/div>\n<\/div>\n<p>&nbsp;<\/p>\n","protected":false},"excerpt":{"rendered":"<p>4 assiettes plates (23 cm de diam\u00e8tres), 6 assiettes creuses (21 cm de diam\u00e8tre), en Arcopal avec motifs de fruits, produite en France dans les ann\u00e9es 1970-80. Elles sont vendues s\u00e9par\u00e9ment au prix de 4\u20ac pi\u00e8ce. R\u00e9f 40.56 &nbsp;<\/p>\n","protected":false},"featured_media":10163,"comment_status":"open","ping_status":"closed","template":"","meta":{"neve_meta_sidebar":"","neve_meta_container":"","neve_meta_enable_content_width":"off","neve_meta_content_width":100,"neve_meta_title_alignment":"","neve_meta_author_avatar":"","neve_post_elements_order":"","neve_meta_disable_header":"","neve_meta_disable_footer":"","neve_meta_disable_title":""},"product_brand":[],"product_cat":[115,172,22],"product_tag":[],"class_list":{"0":"post-10167","1":"product","2":"type-product","3":"status-publish","4":"has-post-thumbnail","6":"product_cat-arcopal","7":"product_cat-en-cuisine","8":"product_cat-verrerie","10":"first","11":"instock","12":"shipping-taxable","13":"purchasable","14":"product-type-simple"},"_links":{"self":[{"href":"https:\/\/legrenierdelatour.be\/brocante\/wp-json\/wp\/v2\/product\/10167","targetHints":{"allow":["GET"]}}],"collection":[{"href":"https:\/\/legrenierdelatour.be\/brocante\/wp-json\/wp\/v2\/product"}],"about":[{"href":"https:\/\/legrenierdelatour.be\/brocante\/wp-json\/wp\/v2\/types\/product"}],"replies":[{"embeddable":true,"href":"https:\/\/legrenierdelatour.be\/brocante\/wp-json\/wp\/v2\/comments?post=10167"}],"wp:featuredmedia":[{"embeddable":true,"href":"https:\/\/legrenierdelatour.be\/brocante\/wp-json\/wp\/v2\/media\/10163"}],"wp:attachment":[{"href":"https:\/\/legrenierdelatour.be\/brocante\/wp-json\/wp\/v2\/media?parent=10167"}],"wp:term":[{"taxonomy":"product_brand","embeddable":true,"href":"https:\/\/legrenierdelatour.be\/brocante\/wp-json\/wp\/v2\/product_brand?post=10167"},{"taxonomy":"product_cat","embeddable":true,"href":"https:\/\/legrenierdelatour.be\/brocante\/wp-json\/wp\/v2\/product_cat?post=10167"},{"taxonomy":"product_tag","embeddable":true,"href":"https:\/\/legrenierdelatour.be\/brocante\/wp-json\/wp\/v2\/product_tag?post=10167"}],"curies":[{"name":"wp","href":"https:\/\/api.w.org\/{rel}","templated":true}]}}