{"id":10165,"date":"2025-04-07T14:55:56","date_gmt":"2025-04-07T12:55:56","guid":{"rendered":"https:\/\/legrenierdelatour.be\/brocante\/?post_type=product&#038;p=10165"},"modified":"2025-04-07T14:58:31","modified_gmt":"2025-04-07T12:58:31","slug":"plats-en-arcopal-fruits","status":"publish","type":"product","link":"https:\/\/legrenierdelatour.be\/brocante\/produit\/plats-en-arcopal-fruits\/","title":{"rendered":"Plats en Arcopal, \u00ab\u00a0Fruits\u00a0\u00bb"},"content":{"rendered":"<p>Diff\u00e9rents plats creux (24,20,17,14,13 cm de diam\u00e8tre) en Arcopal avec motifs de fruits, produites en France dans les ann\u00e9es 1970-80. Ils sont vendus \u00e0 la pi\u00e8ce aux prix de 6\u20ac \u00e0 15\u20ac.<\/p>\n<div>R\u00e9f 40.53<\/div>\n","protected":false},"excerpt":{"rendered":"<p>Diff\u00e9rents plats creux (24,20,17,14,13 cm de diam\u00e8tre) en Arcopal avec motifs de fruits, produites en France dans les ann\u00e9es 1970-80. Ils sont vendus \u00e0 la pi\u00e8ce aux prix de 6\u20ac \u00e0 15\u20ac. R\u00e9f 40.53<\/p>\n","protected":false},"featured_media":10156,"comment_status":"open","ping_status":"closed","template":"","meta":{"neve_meta_sidebar":"","neve_meta_container":"","neve_meta_enable_content_width":"off","neve_meta_content_width":100,"neve_meta_title_alignment":"","neve_meta_author_avatar":"","neve_post_elements_order":"","neve_meta_disable_header":"","neve_meta_disable_footer":"","neve_meta_disable_title":""},"product_brand":[],"product_cat":[115,172,22],"product_tag":[],"class_list":{"0":"post-10165","1":"product","2":"type-product","3":"status-publish","4":"has-post-thumbnail","6":"product_cat-arcopal","7":"product_cat-en-cuisine","8":"product_cat-verrerie","10":"first","11":"instock","12":"shipping-taxable","13":"purchasable","14":"product-type-simple"},"_links":{"self":[{"href":"https:\/\/legrenierdelatour.be\/brocante\/wp-json\/wp\/v2\/product\/10165","targetHints":{"allow":["GET"]}}],"collection":[{"href":"https:\/\/legrenierdelatour.be\/brocante\/wp-json\/wp\/v2\/product"}],"about":[{"href":"https:\/\/legrenierdelatour.be\/brocante\/wp-json\/wp\/v2\/types\/product"}],"replies":[{"embeddable":true,"href":"https:\/\/legrenierdelatour.be\/brocante\/wp-json\/wp\/v2\/comments?post=10165"}],"wp:featuredmedia":[{"embeddable":true,"href":"https:\/\/legrenierdelatour.be\/brocante\/wp-json\/wp\/v2\/media\/10156"}],"wp:attachment":[{"href":"https:\/\/legrenierdelatour.be\/brocante\/wp-json\/wp\/v2\/media?parent=10165"}],"wp:term":[{"taxonomy":"product_brand","embeddable":true,"href":"https:\/\/legrenierdelatour.be\/brocante\/wp-json\/wp\/v2\/product_brand?post=10165"},{"taxonomy":"product_cat","embeddable":true,"href":"https:\/\/legrenierdelatour.be\/brocante\/wp-json\/wp\/v2\/product_cat?post=10165"},{"taxonomy":"product_tag","embeddable":true,"href":"https:\/\/legrenierdelatour.be\/brocante\/wp-json\/wp\/v2\/product_tag?post=10165"}],"curies":[{"name":"wp","href":"https:\/\/api.w.org\/{rel}","templated":true}]}}