{"id":10120,"date":"2025-03-12T16:14:19","date_gmt":"2025-03-12T15:14:19","guid":{"rendered":"https:\/\/legrenierdelatour.be\/brocante\/?post_type=product&#038;p=10120"},"modified":"2025-03-12T16:14:19","modified_gmt":"2025-03-12T15:14:19","slug":"service-a-cafe-melitta-pour-enfants","status":"publish","type":"product","link":"https:\/\/legrenierdelatour.be\/brocante\/produit\/service-a-cafe-melitta-pour-enfants\/","title":{"rendered":"Service \u00e0 caf\u00e9 Melitta pour enfants"},"content":{"rendered":"<p>Beau petit service en fa\u00efence pour enfant, \u00e9dit\u00e9 par Melitta. Ce service est complet et comprend une cafeti\u00e8re, un sucrier, un pot \u00e0 lait, 3 assiettes \u00e0 dessert, 3 \u00a0tasses et 3 \u00a0sous-tasses. le porte-filtre et un paquet de filtres est encore disponible, ainsi que le mode d\u2019emploi. Il est en bon \u00e9tat, si ce n\u2019est une tasse fissur\u00e9e. Ce service date des ann\u00e9es 1960.<\/p>\n<div>R\u00e9f 40.35<\/div>\n","protected":false},"excerpt":{"rendered":"<p>Beau petit service en fa\u00efence pour enfant, \u00e9dit\u00e9 par Melitta. Ce service est complet et comprend une cafeti\u00e8re, un sucrier, un pot \u00e0 lait, 3 assiettes \u00e0 dessert, 3 \u00a0tasses et 3 \u00a0sous-tasses. le porte-filtre et un paquet de filtres est encore disponible, ainsi que le mode d\u2019emploi. Il est en bon \u00e9tat, si ce&hellip;&nbsp;<a href=\"https:\/\/legrenierdelatour.be\/brocante\/produit\/service-a-cafe-melitta-pour-enfants\/\" class=\"\" rel=\"bookmark\">Lire la suite &raquo;<span class=\"screen-reader-text\">Service \u00e0 caf\u00e9 Melitta pour enfants<\/span><\/a><\/p>\n","protected":false},"featured_media":10118,"comment_status":"open","ping_status":"closed","template":"","meta":{"neve_meta_sidebar":"","neve_meta_container":"","neve_meta_enable_content_width":"off","neve_meta_content_width":100,"neve_meta_title_alignment":"","neve_meta_author_avatar":"","neve_post_elements_order":"","neve_meta_disable_header":"","neve_meta_disable_footer":"","neve_meta_disable_title":""},"product_brand":[],"product_cat":[48,16,171,173],"product_tag":[],"class_list":{"0":"post-10120","1":"product","2":"type-product","3":"status-publish","4":"has-post-thumbnail","6":"product_cat-allemagne","7":"product_cat-ceramique","8":"product_cat-jeux-et-jardin","9":"product_cat-objets-de-publicite","11":"first","12":"instock","13":"shipping-taxable","14":"purchasable","15":"product-type-simple"},"_links":{"self":[{"href":"https:\/\/legrenierdelatour.be\/brocante\/wp-json\/wp\/v2\/product\/10120","targetHints":{"allow":["GET"]}}],"collection":[{"href":"https:\/\/legrenierdelatour.be\/brocante\/wp-json\/wp\/v2\/product"}],"about":[{"href":"https:\/\/legrenierdelatour.be\/brocante\/wp-json\/wp\/v2\/types\/product"}],"replies":[{"embeddable":true,"href":"https:\/\/legrenierdelatour.be\/brocante\/wp-json\/wp\/v2\/comments?post=10120"}],"wp:featuredmedia":[{"embeddable":true,"href":"https:\/\/legrenierdelatour.be\/brocante\/wp-json\/wp\/v2\/media\/10118"}],"wp:attachment":[{"href":"https:\/\/legrenierdelatour.be\/brocante\/wp-json\/wp\/v2\/media?parent=10120"}],"wp:term":[{"taxonomy":"product_brand","embeddable":true,"href":"https:\/\/legrenierdelatour.be\/brocante\/wp-json\/wp\/v2\/product_brand?post=10120"},{"taxonomy":"product_cat","embeddable":true,"href":"https:\/\/legrenierdelatour.be\/brocante\/wp-json\/wp\/v2\/product_cat?post=10120"},{"taxonomy":"product_tag","embeddable":true,"href":"https:\/\/legrenierdelatour.be\/brocante\/wp-json\/wp\/v2\/product_tag?post=10120"}],"curies":[{"name":"wp","href":"https:\/\/api.w.org\/{rel}","templated":true}]}}