{"id":10115,"date":"2025-03-12T15:06:08","date_gmt":"2025-03-12T14:06:08","guid":{"rendered":"https:\/\/legrenierdelatour.be\/brocante\/?post_type=product&#038;p=10115"},"modified":"2025-03-12T15:06:09","modified_gmt":"2025-03-12T14:06:09","slug":"pichet-en-barbotine-debut-20e","status":"publish","type":"product","link":"https:\/\/legrenierdelatour.be\/brocante\/produit\/pichet-en-barbotine-debut-20e\/","title":{"rendered":"Pichet en barbotine, d\u00e9but 20\u00e8"},"content":{"rendered":"<p>Beau pichet en barbotine (21 cm de haut) portant une repr\u00e9sentation de grappe de raisin. Il ne porte pas de marque et son fabriquant n\u2019est pas connu. Il date sans doute du d\u00e9but du 20\u00e8 si\u00e8cle, Art Nouveau.<\/p>\n<div>R\u00e9f 40.34<\/div>\n","protected":false},"excerpt":{"rendered":"<p>Beau pichet en barbotine (21 cm de haut) portant une repr\u00e9sentation de grappe de raisin. Il ne porte pas de marque et son fabriquant n\u2019est pas connu. Il date sans doute du d\u00e9but du 20\u00e8 si\u00e8cle, Art Nouveau. R\u00e9f 40.34<\/p>\n","protected":false},"featured_media":10116,"comment_status":"open","ping_status":"closed","template":"","meta":{"neve_meta_sidebar":"","neve_meta_container":"","neve_meta_enable_content_width":"off","neve_meta_content_width":100,"neve_meta_title_alignment":"","neve_meta_author_avatar":"","neve_post_elements_order":"","neve_meta_disable_header":"","neve_meta_disable_footer":"","neve_meta_disable_title":""},"product_brand":[],"product_cat":[16],"product_tag":[],"class_list":{"0":"post-10115","1":"product","2":"type-product","3":"status-publish","4":"has-post-thumbnail","6":"product_cat-ceramique","8":"first","9":"instock","10":"shipping-taxable","11":"purchasable","12":"product-type-simple"},"_links":{"self":[{"href":"https:\/\/legrenierdelatour.be\/brocante\/wp-json\/wp\/v2\/product\/10115","targetHints":{"allow":["GET"]}}],"collection":[{"href":"https:\/\/legrenierdelatour.be\/brocante\/wp-json\/wp\/v2\/product"}],"about":[{"href":"https:\/\/legrenierdelatour.be\/brocante\/wp-json\/wp\/v2\/types\/product"}],"replies":[{"embeddable":true,"href":"https:\/\/legrenierdelatour.be\/brocante\/wp-json\/wp\/v2\/comments?post=10115"}],"wp:featuredmedia":[{"embeddable":true,"href":"https:\/\/legrenierdelatour.be\/brocante\/wp-json\/wp\/v2\/media\/10116"}],"wp:attachment":[{"href":"https:\/\/legrenierdelatour.be\/brocante\/wp-json\/wp\/v2\/media?parent=10115"}],"wp:term":[{"taxonomy":"product_brand","embeddable":true,"href":"https:\/\/legrenierdelatour.be\/brocante\/wp-json\/wp\/v2\/product_brand?post=10115"},{"taxonomy":"product_cat","embeddable":true,"href":"https:\/\/legrenierdelatour.be\/brocante\/wp-json\/wp\/v2\/product_cat?post=10115"},{"taxonomy":"product_tag","embeddable":true,"href":"https:\/\/legrenierdelatour.be\/brocante\/wp-json\/wp\/v2\/product_tag?post=10115"}],"curies":[{"name":"wp","href":"https:\/\/api.w.org\/{rel}","templated":true}]}}