{"id":10111,"date":"2025-03-12T13:15:00","date_gmt":"2025-03-12T12:15:00","guid":{"rendered":"https:\/\/legrenierdelatour.be\/brocante\/?post_type=product&#038;p=10111"},"modified":"2025-03-12T13:15:00","modified_gmt":"2025-03-12T12:15:00","slug":"plateau-bleu-keralux","status":"publish","type":"product","link":"https:\/\/legrenierdelatour.be\/brocante\/produit\/plateau-bleu-keralux\/","title":{"rendered":"Plateau bleu Keralux"},"content":{"rendered":"<p>Joli plateau (27 cm de diam\u00e8tre) en fa\u00efence bleue, produit par la manufacture Boch La Louvi\u00e8re, Keralux, en Belgique. Ce service a fait fureur lors de l\u2019exposition universelle de 1958, et date des ann\u00e9es 1956-58. Il est en parfait \u00e9tat.<\/p>\n<div>R\u00e9f 40.31<\/div>\n","protected":false},"excerpt":{"rendered":"<p>Joli plateau (27 cm de diam\u00e8tre) en fa\u00efence bleue, produit par la manufacture Boch La Louvi\u00e8re, Keralux, en Belgique. Ce service a fait fureur lors de l\u2019exposition universelle de 1958, et date des ann\u00e9es 1956-58. Il est en parfait \u00e9tat. R\u00e9f 40.31<\/p>\n","protected":false},"featured_media":10108,"comment_status":"open","ping_status":"closed","template":"","meta":{"neve_meta_sidebar":"","neve_meta_container":"","neve_meta_enable_content_width":"off","neve_meta_content_width":100,"neve_meta_title_alignment":"","neve_meta_author_avatar":"","neve_post_elements_order":"","neve_meta_disable_header":"","neve_meta_disable_footer":"","neve_meta_disable_title":""},"product_brand":[],"product_cat":[37,175,16],"product_tag":[],"class_list":{"0":"post-10111","1":"product","2":"type-product","3":"status-publish","4":"has-post-thumbnail","6":"product_cat-belgique","7":"product_cat-boch","8":"product_cat-ceramique","10":"first","11":"instock","12":"shipping-taxable","13":"purchasable","14":"product-type-simple"},"_links":{"self":[{"href":"https:\/\/legrenierdelatour.be\/brocante\/wp-json\/wp\/v2\/product\/10111","targetHints":{"allow":["GET"]}}],"collection":[{"href":"https:\/\/legrenierdelatour.be\/brocante\/wp-json\/wp\/v2\/product"}],"about":[{"href":"https:\/\/legrenierdelatour.be\/brocante\/wp-json\/wp\/v2\/types\/product"}],"replies":[{"embeddable":true,"href":"https:\/\/legrenierdelatour.be\/brocante\/wp-json\/wp\/v2\/comments?post=10111"}],"wp:featuredmedia":[{"embeddable":true,"href":"https:\/\/legrenierdelatour.be\/brocante\/wp-json\/wp\/v2\/media\/10108"}],"wp:attachment":[{"href":"https:\/\/legrenierdelatour.be\/brocante\/wp-json\/wp\/v2\/media?parent=10111"}],"wp:term":[{"taxonomy":"product_brand","embeddable":true,"href":"https:\/\/legrenierdelatour.be\/brocante\/wp-json\/wp\/v2\/product_brand?post=10111"},{"taxonomy":"product_cat","embeddable":true,"href":"https:\/\/legrenierdelatour.be\/brocante\/wp-json\/wp\/v2\/product_cat?post=10111"},{"taxonomy":"product_tag","embeddable":true,"href":"https:\/\/legrenierdelatour.be\/brocante\/wp-json\/wp\/v2\/product_tag?post=10111"}],"curies":[{"name":"wp","href":"https:\/\/api.w.org\/{rel}","templated":true}]}}