{"id":10103,"date":"2025-03-12T13:04:50","date_gmt":"2025-03-12T12:04:50","guid":{"rendered":"https:\/\/legrenierdelatour.be\/brocante\/?post_type=product&#038;p=10103"},"modified":"2025-03-12T13:04:50","modified_gmt":"2025-03-12T12:04:50","slug":"sucrier-bleu-boch-keralux-1950","status":"publish","type":"product","link":"https:\/\/legrenierdelatour.be\/brocante\/produit\/sucrier-bleu-boch-keralux-1950\/","title":{"rendered":"Sucrier bleu, Boch Keralux 1950"},"content":{"rendered":"<p>Joli sucrier (11 cm de haut couvercle compris) en fa\u00efence bleue, produit par la manufacture Boch La Louvi\u00e8re, Keralux, en Belgique. Ce service a fait fureur lors de l\u2019exposition universelle de 1958, et date des ann\u00e9es 1956-58. Il est en parfait \u00e9tat.<\/p>\n<div>R\u00e9f 40.30<\/div>\n","protected":false},"excerpt":{"rendered":"<p>Joli sucrier (11 cm de haut couvercle compris) en fa\u00efence bleue, produit par la manufacture Boch La Louvi\u00e8re, Keralux, en Belgique. Ce service a fait fureur lors de l\u2019exposition universelle de 1958, et date des ann\u00e9es 1956-58. Il est en parfait \u00e9tat. R\u00e9f 40.30<\/p>\n","protected":false},"featured_media":10104,"comment_status":"open","ping_status":"closed","template":"","meta":{"neve_meta_sidebar":"","neve_meta_container":"","neve_meta_enable_content_width":"off","neve_meta_content_width":100,"neve_meta_title_alignment":"","neve_meta_author_avatar":"","neve_post_elements_order":"","neve_meta_disable_header":"","neve_meta_disable_footer":"","neve_meta_disable_title":""},"product_brand":[],"product_cat":[37,175,172,16],"product_tag":[],"class_list":{"0":"post-10103","1":"product","2":"type-product","3":"status-publish","4":"has-post-thumbnail","6":"product_cat-belgique","7":"product_cat-boch","8":"product_cat-en-cuisine","9":"product_cat-ceramique","11":"first","12":"instock","13":"shipping-taxable","14":"purchasable","15":"product-type-simple"},"_links":{"self":[{"href":"https:\/\/legrenierdelatour.be\/brocante\/wp-json\/wp\/v2\/product\/10103","targetHints":{"allow":["GET"]}}],"collection":[{"href":"https:\/\/legrenierdelatour.be\/brocante\/wp-json\/wp\/v2\/product"}],"about":[{"href":"https:\/\/legrenierdelatour.be\/brocante\/wp-json\/wp\/v2\/types\/product"}],"replies":[{"embeddable":true,"href":"https:\/\/legrenierdelatour.be\/brocante\/wp-json\/wp\/v2\/comments?post=10103"}],"wp:featuredmedia":[{"embeddable":true,"href":"https:\/\/legrenierdelatour.be\/brocante\/wp-json\/wp\/v2\/media\/10104"}],"wp:attachment":[{"href":"https:\/\/legrenierdelatour.be\/brocante\/wp-json\/wp\/v2\/media?parent=10103"}],"wp:term":[{"taxonomy":"product_brand","embeddable":true,"href":"https:\/\/legrenierdelatour.be\/brocante\/wp-json\/wp\/v2\/product_brand?post=10103"},{"taxonomy":"product_cat","embeddable":true,"href":"https:\/\/legrenierdelatour.be\/brocante\/wp-json\/wp\/v2\/product_cat?post=10103"},{"taxonomy":"product_tag","embeddable":true,"href":"https:\/\/legrenierdelatour.be\/brocante\/wp-json\/wp\/v2\/product_tag?post=10103"}],"curies":[{"name":"wp","href":"https:\/\/api.w.org\/{rel}","templated":true}]}}