{"id":10096,"date":"2025-03-07T18:20:01","date_gmt":"2025-03-07T17:20:01","guid":{"rendered":"https:\/\/legrenierdelatour.be\/brocante\/?post_type=product&#038;p=10096"},"modified":"2025-03-07T18:20:02","modified_gmt":"2025-03-07T17:20:02","slug":"vase-en-cristal-vert-val-saint-lambert","status":"publish","type":"product","link":"https:\/\/legrenierdelatour.be\/brocante\/produit\/vase-en-cristal-vert-val-saint-lambert\/","title":{"rendered":"Vase en cristal vert, Val saint Lambert"},"content":{"rendered":"<p>Beau vase en cristal taill\u00e9 vert \u00e9meraude (15 cm de haut) portant la signature grav\u00e9e \u00ab\u00a0Val St Lambert\u00a0\u00bb dessous. Il porte \u00e9galement l\u2019\u00e9tiquette partielle du Val saint Lambert. Il pr\u00e9snete un petit coup peu visible sur le c\u00f4t\u00e9.<\/p>\n<div>R\u00e9f 40.27<\/div>\n","protected":false},"excerpt":{"rendered":"<p>Beau vase en cristal taill\u00e9 vert \u00e9meraude (15 cm de haut) portant la signature grav\u00e9e \u00ab\u00a0Val St Lambert\u00a0\u00bb dessous. Il porte \u00e9galement l\u2019\u00e9tiquette partielle du Val saint Lambert. Il pr\u00e9snete un petit coup peu visible sur le c\u00f4t\u00e9. R\u00e9f 40.27<\/p>\n","protected":false},"featured_media":10089,"comment_status":"open","ping_status":"closed","template":"","meta":{"neve_meta_sidebar":"","neve_meta_container":"","neve_meta_enable_content_width":"off","neve_meta_content_width":100,"neve_meta_title_alignment":"","neve_meta_author_avatar":"","neve_post_elements_order":"","neve_meta_disable_header":"","neve_meta_disable_footer":"","neve_meta_disable_title":""},"product_brand":[],"product_cat":[162,63,22],"product_tag":[],"class_list":{"0":"post-10096","1":"product","2":"type-product","3":"status-publish","4":"has-post-thumbnail","6":"product_cat-productions-belges","7":"product_cat-val-saint-lambert","8":"product_cat-verrerie","10":"first","11":"instock","12":"shipping-taxable","13":"purchasable","14":"product-type-simple"},"_links":{"self":[{"href":"https:\/\/legrenierdelatour.be\/brocante\/wp-json\/wp\/v2\/product\/10096","targetHints":{"allow":["GET"]}}],"collection":[{"href":"https:\/\/legrenierdelatour.be\/brocante\/wp-json\/wp\/v2\/product"}],"about":[{"href":"https:\/\/legrenierdelatour.be\/brocante\/wp-json\/wp\/v2\/types\/product"}],"replies":[{"embeddable":true,"href":"https:\/\/legrenierdelatour.be\/brocante\/wp-json\/wp\/v2\/comments?post=10096"}],"wp:featuredmedia":[{"embeddable":true,"href":"https:\/\/legrenierdelatour.be\/brocante\/wp-json\/wp\/v2\/media\/10089"}],"wp:attachment":[{"href":"https:\/\/legrenierdelatour.be\/brocante\/wp-json\/wp\/v2\/media?parent=10096"}],"wp:term":[{"taxonomy":"product_brand","embeddable":true,"href":"https:\/\/legrenierdelatour.be\/brocante\/wp-json\/wp\/v2\/product_brand?post=10096"},{"taxonomy":"product_cat","embeddable":true,"href":"https:\/\/legrenierdelatour.be\/brocante\/wp-json\/wp\/v2\/product_cat?post=10096"},{"taxonomy":"product_tag","embeddable":true,"href":"https:\/\/legrenierdelatour.be\/brocante\/wp-json\/wp\/v2\/product_tag?post=10096"}],"curies":[{"name":"wp","href":"https:\/\/api.w.org\/{rel}","templated":true}]}}