{"id":10083,"date":"2025-03-07T17:57:11","date_gmt":"2025-03-07T16:57:11","guid":{"rendered":"https:\/\/legrenierdelatour.be\/brocante\/?post_type=product&#038;p=10083"},"modified":"2025-03-07T17:57:11","modified_gmt":"2025-03-07T16:57:11","slug":"fauteuils-en-skai-et-bois-style-scandinave-1950-60","status":"publish","type":"product","link":"https:\/\/legrenierdelatour.be\/brocante\/produit\/fauteuils-en-skai-et-bois-style-scandinave-1950-60\/","title":{"rendered":"Fauteuils en Skai et bois, style scandinave, 1950-60"},"content":{"rendered":"<p>Beau fauteuil (80 cm de haut, 44 cm hauteur d\u2019assise, 44 cm de large) en skai rouge et bois, de style scandinave. Il date sans doute des ann\u00e9es 1950-60 et est en tr\u00e8s bon \u00e9tat. Il n\u2019y a pas de marque visible.<\/p>\n<div>Deux fauteuols disponibles au prix de 95\u20ac pi\u00e8ce<\/p>\n<div>R\u00e9f 40.25<\/div>\n<\/div>\n","protected":false},"excerpt":{"rendered":"<p>Beau fauteuil (80 cm de haut, 44 cm hauteur d\u2019assise, 44 cm de large) en skai rouge et bois, de style scandinave. Il date sans doute des ann\u00e9es 1950-60 et est en tr\u00e8s bon \u00e9tat. Il n\u2019y a pas de marque visible. Deux fauteuols disponibles au prix de 95\u20ac pi\u00e8ce R\u00e9f 40.25<\/p>\n","protected":false},"featured_media":10084,"comment_status":"open","ping_status":"closed","template":"","meta":{"neve_meta_sidebar":"","neve_meta_container":"","neve_meta_enable_content_width":"off","neve_meta_content_width":100,"neve_meta_title_alignment":"","neve_meta_author_avatar":"","neve_post_elements_order":"","neve_meta_disable_header":"","neve_meta_disable_footer":"","neve_meta_disable_title":""},"product_brand":[],"product_cat":[15],"product_tag":[],"class_list":{"0":"post-10083","1":"product","2":"type-product","3":"status-publish","4":"has-post-thumbnail","6":"product_cat-non-classe","8":"first","9":"instock","10":"shipping-taxable","11":"purchasable","12":"product-type-simple"},"_links":{"self":[{"href":"https:\/\/legrenierdelatour.be\/brocante\/wp-json\/wp\/v2\/product\/10083","targetHints":{"allow":["GET"]}}],"collection":[{"href":"https:\/\/legrenierdelatour.be\/brocante\/wp-json\/wp\/v2\/product"}],"about":[{"href":"https:\/\/legrenierdelatour.be\/brocante\/wp-json\/wp\/v2\/types\/product"}],"replies":[{"embeddable":true,"href":"https:\/\/legrenierdelatour.be\/brocante\/wp-json\/wp\/v2\/comments?post=10083"}],"wp:featuredmedia":[{"embeddable":true,"href":"https:\/\/legrenierdelatour.be\/brocante\/wp-json\/wp\/v2\/media\/10084"}],"wp:attachment":[{"href":"https:\/\/legrenierdelatour.be\/brocante\/wp-json\/wp\/v2\/media?parent=10083"}],"wp:term":[{"taxonomy":"product_brand","embeddable":true,"href":"https:\/\/legrenierdelatour.be\/brocante\/wp-json\/wp\/v2\/product_brand?post=10083"},{"taxonomy":"product_cat","embeddable":true,"href":"https:\/\/legrenierdelatour.be\/brocante\/wp-json\/wp\/v2\/product_cat?post=10083"},{"taxonomy":"product_tag","embeddable":true,"href":"https:\/\/legrenierdelatour.be\/brocante\/wp-json\/wp\/v2\/product_tag?post=10083"}],"curies":[{"name":"wp","href":"https:\/\/api.w.org\/{rel}","templated":true}]}}